{"id":8604,"date":"2022-03-18T13:44:09","date_gmt":"2022-03-18T13:44:09","guid":{"rendered":"https:\/\/ventoleradelsur.com\/?page_id=8604"},"modified":"2022-03-18T13:50:36","modified_gmt":"2022-03-18T13:50:36","slug":"politica-de-privacidad","status":"publish","type":"page","link":"https:\/\/ventoleradelsur.com\/pt\/politica-de-privacidad\/","title":{"rendered":"Pol\u00edtica de privacidade"},"content":{"rendered":"<div data-elementor-type=\"wp-page\" data-elementor-id=\"8604\" class=\"elementor elementor-8604\">\n\t\t\t\t\t\t<section class=\"has_ma_el_bg_slider elementor-section elementor-top-section elementor-element elementor-element-5395eac6 elementor-section-boxed elementor-section-height-default elementor-section-height-default jltma-glass-effect-no\" data-id=\"5395eac6\" data-element_type=\"section\" data-settings=\"{&quot;jet_parallax_layout_list&quot;:[],&quot;_ha_eqh_enable&quot;:false}\">\n\t\t\t\t\t\t<div class=\"elementor-container elementor-column-gap-default\">\n\t\t\t\t\t<div class=\"has_ma_el_bg_slider elementor-column elementor-col-100 elementor-top-column elementor-element elementor-element-21a32cdf jltma-glass-effect-no\" data-id=\"21a32cdf\" data-element_type=\"column\">\n\t\t\t<div class=\"elementor-widget-wrap elementor-element-populated\">\n\t\t\t\t\t\t<div class=\"elementor-element elementor-element-674290bb jltma-glass-effect-no elementor-widget elementor-widget-text-editor\" data-id=\"674290bb\" data-element_type=\"widget\" data-widget_type=\"text-editor.default\">\n\t\t\t\t<div class=\"elementor-widget-container\">\n\t\t\t<style>\/*! elementor - v3.20.0 - 13-03-2024 *\/\n.elementor-widget-text-editor.elementor-drop-cap-view-stacked .elementor-drop-cap{background-color:#69727d;color:#fff}.elementor-widget-text-editor.elementor-drop-cap-view-framed .elementor-drop-cap{color:#69727d;border:3px solid;background-color:transparent}.elementor-widget-text-editor:not(.elementor-drop-cap-view-default) .elementor-drop-cap{margin-top:8px}.elementor-widget-text-editor:not(.elementor-drop-cap-view-default) .elementor-drop-cap-letter{width:1em;height:1em}.elementor-widget-text-editor .elementor-drop-cap{float:left;text-align:center;line-height:1;font-size:50px}.elementor-widget-text-editor .elementor-drop-cap-letter{display:inline-block}<\/style>\t\t\t\t<p>Esta Pol\u00edtica de Privacidade estabelece os termos em que a Federa\u00e7\u00e3o Sul Ventolera utiliza e protege as informa\u00e7\u00f5es que s\u00e3o fornecidas por seus usu\u00e1rios ao utilizar seu site. Esta federa\u00e7\u00e3o est\u00e1 comprometida com a seguran\u00e7a dos dados de seus usu\u00e1rios. Quando lhe pedimos que preencha os campos de dados pessoais com os quais possa ser identificado, fazemos-o assegurando que apenas ser\u00e3o utilizados de acordo com os termos deste documento. No entanto, esta Pol\u00edtica de Privacidade pode mudar ao longo do tempo ou ser atualizada, por isso recomendamos e enfatizamos que voc\u00ea revise continuamente esta p\u00e1gina para garantir que concorda com tais altera\u00e7\u00f5es.<\/p><p><strong>Informa\u00e7\u00f5es que s\u00e3o coletadas<\/strong><\/p><p>Nosso site pode coletar informa\u00e7\u00f5es pessoais como: Nome, informa\u00e7\u00f5es de contato como seu endere\u00e7o de e-mail e informa\u00e7\u00f5es demogr\u00e1ficas. Da mesma forma, quando necess\u00e1rio, informa\u00e7\u00f5es espec\u00edficas podem ser solicitadas para processar um pedido ou fazer uma entrega ou cobran\u00e7a.<\/p><p><strong>Uso das informa\u00e7\u00f5es coletadas<\/strong><\/p><p>O nosso website utiliza a informa\u00e7\u00e3o para prestar o melhor servi\u00e7o poss\u00edvel, nomeadamente para manter um registo dos utilizadores, das encomendas, se for o caso, e para melhorar os nossos produtos e servi\u00e7os. Es posible que sean enviados correos electr\u00f3nicos peri\u00f3dicamente a trav\u00e9s de nuestro sitio con ofertas especiales, nuevos productos y otra informaci\u00f3n publicitaria que consideremos relevante para usted o que pueda brindarle alg\u00fan beneficio, estos correos electr\u00f3nicos ser\u00e1n enviados a la direcci\u00f3n que usted proporcione y podr\u00e1n ser cancelados em qualquer momento.<\/p><p>A Federaci\u00f3n Ventolera del Sur est\u00e1 altamente comprometida em cumprir o compromisso de manter suas informa\u00e7\u00f5es seguras. Utilizamos os sistemas mais avan\u00e7ados e os atualizamos constantemente para garantir que n\u00e3o haja acesso n\u00e3o autorizado.<\/p><p><strong>biscoitos<\/strong><\/p><p>Um cookie refere-se a um arquivo que \u00e9 enviado com o objetivo de solicitar permiss\u00e3o para ser armazenado em seu computador, ao aceitar o referido arquivo \u00e9 criado e o cookie serve ent\u00e3o para ter informa\u00e7\u00f5es sobre o tr\u00e1fego da web, al\u00e9m de facilitar futuras visitas a um site. recorrente. Outra fun\u00e7\u00e3o que os cookies t\u00eam \u00e9 que com eles os sites podem reconhec\u00ea-lo individualmente e, portanto, fornecer o melhor servi\u00e7o personalizado em seu site.<\/p><p>O nosso website utiliza cookies para poder identificar as p\u00e1ginas visitadas e a sua frequ\u00eancia. Essas informa\u00e7\u00f5es s\u00e3o usadas exclusivamente para an\u00e1lise estat\u00edstica e, em seguida, as informa\u00e7\u00f5es s\u00e3o exclu\u00eddas permanentemente. Voc\u00ea pode excluir cookies a qualquer momento do seu computador. No entanto, os cookies ajudam a fornecer um melhor servi\u00e7o nos sites, eles n\u00e3o d\u00e3o acesso a informa\u00e7\u00f5es do seu computador ou de voc\u00ea, a menos que voc\u00ea queira e forne\u00e7a diretamente, visitas a um site. Voc\u00ea pode aceitar ou negar o uso de cookies, por\u00e9m a maioria dos navegadores aceita cookies automaticamente, pois serve para ter um melhor servi\u00e7o web. Voc\u00ea tamb\u00e9m pode alterar as configura\u00e7\u00f5es do seu computador para recusar cookies. Se eles forem recusados, talvez voc\u00ea n\u00e3o consiga usar alguns de nossos servi\u00e7os.<\/p><p><strong>Links de terceiros<\/strong><\/p><p>Este site pode conter links para outros sites que podem ser de seu interesse. Depois de clicar nesses links e sair de nossa p\u00e1gina, n\u00e3o temos mais controle sobre o site para o qual voc\u00ea \u00e9 redirecionado e, portanto, n\u00e3o somos respons\u00e1veis pelos termos ou privacidade ou pela prote\u00e7\u00e3o de seus dados nesses sites de terceiros. Esses sites est\u00e3o sujeitos \u00e0s suas pr\u00f3prias pol\u00edticas de privacidade, por isso \u00e9 recomend\u00e1vel que voc\u00ea os consulte para confirmar que concorda com eles.<\/p><p><strong>Controle de suas informa\u00e7\u00f5es pessoais<\/strong><\/p><p>A qualquer momento, voc\u00ea pode restringir a coleta ou o uso de informa\u00e7\u00f5es pessoais fornecidas ao nosso site. Sempre que for solicitado o preenchimento de um formul\u00e1rio, como o de cadastro de usu\u00e1rio, voc\u00ea poder\u00e1 marcar ou desmarcar a op\u00e7\u00e3o de receber informa\u00e7\u00f5es por e-mail. Se voc\u00ea marcou a op\u00e7\u00e3o de receber nossa newsletter ou publicidade, voc\u00ea pode cancel\u00e1-la a qualquer momento.<\/p><p>Esta federa\u00e7\u00e3o n\u00e3o vender\u00e1, transferir\u00e1 ou distribuir\u00e1 as informa\u00e7\u00f5es pessoais coletadas sem o seu consentimento, a menos que seja exigido por um juiz com ordem judicial.<\/p><p>A Federaci\u00f3n Ventolera del Sur reserva-se o direito de alterar os termos desta Pol\u00edtica de Privacidade a qualquer momento.<\/p><p><strong>Coment\u00e1rios<\/strong><\/p><p>Quando os visitantes deixam coment\u00e1rios no site, coletamos os dados exibidos no formul\u00e1rio de coment\u00e1rios, bem como o endere\u00e7o IP do visitante e a string do agente do usu\u00e1rio do navegador para ajudar na detec\u00e7\u00e3o de spam.<\/p><p>Uma string an\u00f4nima criada a partir do seu endere\u00e7o de e-mail (tamb\u00e9m chamado de hash) pode ser fornecida ao servi\u00e7o Gravatar para verificar se voc\u00ea o est\u00e1 usando. A pol\u00edtica de privacidade do servi\u00e7o Gravatar est\u00e1 dispon\u00edvel aqui: https:\/\/automattic.com\/privacy\/. Ap\u00f3s a aprova\u00e7\u00e3o do seu coment\u00e1rio, sua foto de perfil fica vis\u00edvel ao p\u00fablico no contexto do seu coment\u00e1rio.<\/p><p><strong>meios de comunica\u00e7\u00e3o<\/strong><\/p><p>Se voc\u00ea enviar imagens para a web, evite enviar imagens com dados de localiza\u00e7\u00e3o (EXIF GPS) inclu\u00eddos. Os visitantes do site podem baixar e extrair quaisquer dados de localiza\u00e7\u00e3o das imagens no site.<\/p><p><strong>formul\u00e1rios de contato<\/strong><\/p><p>Se voc\u00ea deixar um coment\u00e1rio em nosso site, poder\u00e1 optar por salvar seu nome, endere\u00e7o de e-mail e site nos cookies. Isso \u00e9 para sua conveni\u00eancia, para que voc\u00ea n\u00e3o precise preencher seus dados novamente quando deixar outro coment\u00e1rio. Esses cookies duram um ano.<\/p><p>Se voc\u00ea tiver uma conta e se conectar a este site, definiremos um cookie tempor\u00e1rio para determinar se seu navegador aceita cookies. Este cookie n\u00e3o cont\u00e9m dados pessoais e \u00e9 exclu\u00eddo quando o navegador \u00e9 fechado.<\/p><p>Quando voc\u00ea fizer login, tamb\u00e9m definiremos v\u00e1rios cookies para salvar suas informa\u00e7\u00f5es de login e op\u00e7\u00f5es de exibi\u00e7\u00e3o na tela. Os cookies de login duram dois dias e os cookies de op\u00e7\u00f5es de tela duram um ano. Se voc\u00ea selecionar &quot;Lembrar-me&quot;, seu login persistir\u00e1 por duas semanas. Se voc\u00ea sair da sua conta, os cookies de login ser\u00e3o exclu\u00eddos.<\/p><p>Se voc\u00ea editar ou publicar um artigo, um cookie adicional ser\u00e1 salvo em seu navegador. Este cookie n\u00e3o inclui dados pessoais e simplesmente indica o ID do artigo que voc\u00ea acabou de editar. Ele expira ap\u00f3s 1 dia.<\/p><p><strong>Conte\u00fado incorporado de outros sites<\/strong><\/p><p>Os artigos neste site podem incluir conte\u00fado incorporado (por exemplo, v\u00eddeos, imagens, artigos, etc.). O conte\u00fado incorporado de outros sites se comporta exatamente da mesma maneira como se o visitante tivesse visitado o outro site.<\/p><p>Esses sites podem coletar dados sobre voc\u00ea, usar cookies, incorporar rastreamento adicional de terceiros e monitorar sua intera\u00e7\u00e3o com esse conte\u00fado incorporado, incluindo o rastreamento de sua intera\u00e7\u00e3o com o conte\u00fado incorporado se voc\u00ea tiver uma conta e estiver conectado a esse site.<\/p><p><strong>Por quanto tempo mantemos seus dados<\/strong><\/p><p>Se voc\u00ea deixar um coment\u00e1rio, o coment\u00e1rio e seus metadados ser\u00e3o retidos indefinidamente. Isso \u00e9 para que possamos reconhecer e aprovar automaticamente os coment\u00e1rios de acompanhamento em vez de mant\u00ea-los em uma fila de modera\u00e7\u00e3o.<\/p><p>Dos usu\u00e1rios que se registram em nosso site (se houver), tamb\u00e9m armazenamos as informa\u00e7\u00f5es pessoais que eles fornecem em seu perfil de usu\u00e1rio. Todos os usu\u00e1rios podem visualizar, editar ou excluir suas informa\u00e7\u00f5es pessoais a qualquer momento (exceto que n\u00e3o podem alterar seu nome de usu\u00e1rio). Os webmasters tamb\u00e9m podem visualizar e editar essas informa\u00e7\u00f5es.<\/p><p><strong>Quais direitos voc\u00ea tem sobre seus dados?<\/strong><\/p><p>Se voc\u00ea possui uma conta ou deixou coment\u00e1rios neste site, pode solicitar o recebimento de um arquivo de exporta\u00e7\u00e3o dos dados pessoais que mantemos sobre voc\u00ea, incluindo quaisquer dados que voc\u00ea nos forneceu. Voc\u00ea tamb\u00e9m pode solicitar que excluamos quaisquer dados pessoais que mantemos sobre voc\u00ea. Isso n\u00e3o inclui quaisquer dados que somos obrigados a manter para fins administrativos, legais ou de seguran\u00e7a.<\/p>\t\t\t\t\t\t<\/div>\n\t\t\t\t<\/div>\n\t\t\t\t\t<\/div>\n\t\t<\/div>\n\t\t\t\t\t<\/div>\n\t\t<\/section>\n\t\t\t\t<\/div>","protected":false},"excerpt":{"rendered":"<p>La presente Pol\u00edtica de Privacidad establece los t\u00e9rminos en que Federaci\u00f3n Ventolera del Sur usa y protege la informaci\u00f3n que es proporcionada por sus usuarios al momento de utilizar su sitio web. Esta federaci\u00f3n est\u00e1 comprometida con la seguridad de los datos de sus usuarios. Cuando le pedimos llenar los campos de informaci\u00f3n personal con [&hellip;]<\/p>","protected":false},"author":1,"featured_media":0,"parent":0,"menu_order":0,"comment_status":"closed","ping_status":"closed","template":"","meta":{"footnotes":""},"yoast_head":"<!-- This site is optimized with the Yoast SEO Premium plugin v18.0 (Yoast SEO v22.2) - https:\/\/yoast.com\/wordpress\/plugins\/seo\/ -->\n<title>Pol\u00edtica de Privacidad - Federaci\u00f3n Ventolera del Sur<\/title>\n<meta name=\"robots\" content=\"index, follow, max-snippet:-1, max-image-preview:large, max-video-preview:-1\" \/>\n<link rel=\"canonical\" href=\"https:\/\/ventoleradelsur.com\/pt\/politica-de-privacidad\/\" \/>\n<meta property=\"og:locale\" content=\"pt_PT\" \/>\n<meta property=\"og:type\" content=\"article\" \/>\n<meta property=\"og:title\" content=\"Pol\u00edtica de Privacidad\" \/>\n<meta property=\"og:description\" content=\"La presente Pol\u00edtica de Privacidad establece los t\u00e9rminos en que Federaci\u00f3n Ventolera del Sur usa y protege la informaci\u00f3n que es proporcionada por sus usuarios al momento de utilizar su sitio web. Esta federaci\u00f3n est\u00e1 comprometida con la seguridad de los datos de sus usuarios. Cuando le pedimos llenar los campos de informaci\u00f3n personal con [&hellip;]\" \/>\n<meta property=\"og:url\" content=\"https:\/\/ventoleradelsur.com\/pt\/politica-de-privacidad\/\" \/>\n<meta property=\"og:site_name\" content=\"Federaci\u00f3n Ventolera del Sur\" \/>\n<meta property=\"article:publisher\" content=\"https:\/\/www.facebook.com\/FederacionVentoleradelSur\" \/>\n<meta property=\"article:modified_time\" content=\"2022-03-18T13:50:36+00:00\" \/>\n<meta property=\"og:image\" content=\"https:\/\/ventoleradelsur.com\/wp-content\/uploads\/2022\/03\/Slider-Ventolera-Redes.jpg\" \/>\n\t<meta property=\"og:image:width\" content=\"1200\" \/>\n\t<meta property=\"og:image:height\" content=\"453\" \/>\n\t<meta property=\"og:image:type\" content=\"image\/jpeg\" \/>\n<meta name=\"twitter:card\" content=\"summary_large_image\" \/>\n<meta name=\"twitter:label1\" content=\"Tempo estimado de leitura\" \/>\n\t<meta name=\"twitter:data1\" content=\"6 minutos\" \/>\n<script type=\"application\/ld+json\" class=\"yoast-schema-graph\">{\"@context\":\"https:\/\/schema.org\",\"@graph\":[{\"@type\":\"WebPage\",\"@id\":\"https:\/\/ventoleradelsur.com\/politica-de-privacidad\/\",\"url\":\"https:\/\/ventoleradelsur.com\/politica-de-privacidad\/\",\"name\":\"Pol\u00edtica de Privacidad - Federaci\u00f3n Ventolera del Sur\",\"isPartOf\":{\"@id\":\"https:\/\/ventoleradelsur.com\/#website\"},\"datePublished\":\"2022-03-18T13:44:09+00:00\",\"dateModified\":\"2022-03-18T13:50:36+00:00\",\"breadcrumb\":{\"@id\":\"https:\/\/ventoleradelsur.com\/politica-de-privacidad\/#breadcrumb\"},\"inLanguage\":\"pt-PT\",\"potentialAction\":[{\"@type\":\"ReadAction\",\"target\":[\"https:\/\/ventoleradelsur.com\/politica-de-privacidad\/\"]}]},{\"@type\":\"BreadcrumbList\",\"@id\":\"https:\/\/ventoleradelsur.com\/politica-de-privacidad\/#breadcrumb\",\"itemListElement\":[{\"@type\":\"ListItem\",\"position\":1,\"name\":\"Portada\",\"item\":\"https:\/\/ventoleradelsur.com\/\"},{\"@type\":\"ListItem\",\"position\":2,\"name\":\"Pol\u00edtica de Privacidad\"}]},{\"@type\":\"WebSite\",\"@id\":\"https:\/\/ventoleradelsur.com\/#website\",\"url\":\"https:\/\/ventoleradelsur.com\/\",\"name\":\"Federaci\u00f3n Ventolera del Sur\",\"description\":\"Federaci\u00f3n de Asociaciones Vecinales del municipio de Santa Luc\u00eda de Tirajana\",\"publisher\":{\"@id\":\"https:\/\/ventoleradelsur.com\/#organization\"},\"potentialAction\":[{\"@type\":\"SearchAction\",\"target\":{\"@type\":\"EntryPoint\",\"urlTemplate\":\"https:\/\/ventoleradelsur.com\/?s={search_term_string}\"},\"query-input\":\"required name=search_term_string\"}],\"inLanguage\":\"pt-PT\"},{\"@type\":\"Organization\",\"@id\":\"https:\/\/ventoleradelsur.com\/#organization\",\"name\":\"Ventolera del Sur\",\"url\":\"https:\/\/ventoleradelsur.com\/\",\"logo\":{\"@type\":\"ImageObject\",\"inLanguage\":\"pt-PT\",\"@id\":\"https:\/\/ventoleradelsur.com\/#\/schema\/logo\/image\/\",\"url\":\"https:\/\/ventoleradelsur.com\/wp-content\/uploads\/2020\/07\/ventolera-del-sur-logo.png\",\"contentUrl\":\"https:\/\/ventoleradelsur.com\/wp-content\/uploads\/2020\/07\/ventolera-del-sur-logo.png\",\"width\":600,\"height\":264,\"caption\":\"Ventolera del Sur\"},\"image\":{\"@id\":\"https:\/\/ventoleradelsur.com\/#\/schema\/logo\/image\/\"},\"sameAs\":[\"https:\/\/www.facebook.com\/FederacionVentoleradelSur\",\"https:\/\/www.instagram.com\/federacionventoleradel\/\"]}]}<\/script>\n<!-- \/ Yoast SEO Premium plugin. -->","yoast_head_json":{"title":"Pol\u00edtica de Privacidad - Federaci\u00f3n Ventolera del Sur","robots":{"index":"index","follow":"follow","max-snippet":"max-snippet:-1","max-image-preview":"max-image-preview:large","max-video-preview":"max-video-preview:-1"},"canonical":"https:\/\/ventoleradelsur.com\/pt\/politica-de-privacidad\/","og_locale":"pt_PT","og_type":"article","og_title":"Pol\u00edtica de Privacidad","og_description":"La presente Pol\u00edtica de Privacidad establece los t\u00e9rminos en que Federaci\u00f3n Ventolera del Sur usa y protege la informaci\u00f3n que es proporcionada por sus usuarios al momento de utilizar su sitio web. Esta federaci\u00f3n est\u00e1 comprometida con la seguridad de los datos de sus usuarios. Cuando le pedimos llenar los campos de informaci\u00f3n personal con [&hellip;]","og_url":"https:\/\/ventoleradelsur.com\/pt\/politica-de-privacidad\/","og_site_name":"Federaci\u00f3n Ventolera del Sur","article_publisher":"https:\/\/www.facebook.com\/FederacionVentoleradelSur","article_modified_time":"2022-03-18T13:50:36+00:00","og_image":[{"width":1200,"height":453,"url":"https:\/\/ventoleradelsur.com\/wp-content\/uploads\/2022\/03\/Slider-Ventolera-Redes.jpg","type":"image\/jpeg"}],"twitter_card":"summary_large_image","twitter_misc":{"Tempo estimado de leitura":"6 minutos"},"schema":{"@context":"https:\/\/schema.org","@graph":[{"@type":"WebPage","@id":"https:\/\/ventoleradelsur.com\/politica-de-privacidad\/","url":"https:\/\/ventoleradelsur.com\/politica-de-privacidad\/","name":"Pol\u00edtica de Privacidad - Federaci\u00f3n Ventolera del Sur","isPartOf":{"@id":"https:\/\/ventoleradelsur.com\/#website"},"datePublished":"2022-03-18T13:44:09+00:00","dateModified":"2022-03-18T13:50:36+00:00","breadcrumb":{"@id":"https:\/\/ventoleradelsur.com\/politica-de-privacidad\/#breadcrumb"},"inLanguage":"pt-PT","potentialAction":[{"@type":"ReadAction","target":["https:\/\/ventoleradelsur.com\/politica-de-privacidad\/"]}]},{"@type":"BreadcrumbList","@id":"https:\/\/ventoleradelsur.com\/politica-de-privacidad\/#breadcrumb","itemListElement":[{"@type":"ListItem","position":1,"name":"Portada","item":"https:\/\/ventoleradelsur.com\/"},{"@type":"ListItem","position":2,"name":"Pol\u00edtica de Privacidad"}]},{"@type":"WebSite","@id":"https:\/\/ventoleradelsur.com\/#website","url":"https:\/\/ventoleradelsur.com\/","name":"Federaci\u00f3n Ventolera del Sur","description":"Federaci\u00f3n de Asociaciones Vecinales del municipio de Santa Luc\u00eda de Tirajana","publisher":{"@id":"https:\/\/ventoleradelsur.com\/#organization"},"potentialAction":[{"@type":"SearchAction","target":{"@type":"EntryPoint","urlTemplate":"https:\/\/ventoleradelsur.com\/?s={search_term_string}"},"query-input":"required name=search_term_string"}],"inLanguage":"pt-PT"},{"@type":"Organization","@id":"https:\/\/ventoleradelsur.com\/#organization","name":"Ventolera del Sur","url":"https:\/\/ventoleradelsur.com\/","logo":{"@type":"ImageObject","inLanguage":"pt-PT","@id":"https:\/\/ventoleradelsur.com\/#\/schema\/logo\/image\/","url":"https:\/\/ventoleradelsur.com\/wp-content\/uploads\/2020\/07\/ventolera-del-sur-logo.png","contentUrl":"https:\/\/ventoleradelsur.com\/wp-content\/uploads\/2020\/07\/ventolera-del-sur-logo.png","width":600,"height":264,"caption":"Ventolera del Sur"},"image":{"@id":"https:\/\/ventoleradelsur.com\/#\/schema\/logo\/image\/"},"sameAs":["https:\/\/www.facebook.com\/FederacionVentoleradelSur","https:\/\/www.instagram.com\/federacionventoleradel\/"]}]}},"_links":{"self":[{"href":"https:\/\/ventoleradelsur.com\/pt\/wp-json\/wp\/v2\/pages\/8604"}],"collection":[{"href":"https:\/\/ventoleradelsur.com\/pt\/wp-json\/wp\/v2\/pages"}],"about":[{"href":"https:\/\/ventoleradelsur.com\/pt\/wp-json\/wp\/v2\/types\/page"}],"author":[{"embeddable":true,"href":"https:\/\/ventoleradelsur.com\/pt\/wp-json\/wp\/v2\/users\/1"}],"replies":[{"embeddable":true,"href":"https:\/\/ventoleradelsur.com\/pt\/wp-json\/wp\/v2\/comments?post=8604"}],"version-history":[{"count":0,"href":"https:\/\/ventoleradelsur.com\/pt\/wp-json\/wp\/v2\/pages\/8604\/revisions"}],"wp:attachment":[{"href":"https:\/\/ventoleradelsur.com\/pt\/wp-json\/wp\/v2\/media?parent=8604"}],"curies":[{"name":"wp","href":"https:\/\/api.w.org\/{rel}","templated":true}]}}