{"id":6378,"date":"2022-02-22T15:54:05","date_gmt":"2022-02-22T15:54:05","guid":{"rendered":"https:\/\/ventoleradelsur.com\/?page_id=6378"},"modified":"2022-03-07T01:57:19","modified_gmt":"2022-03-07T01:57:19","slug":"galeria-de-fotos","status":"publish","type":"page","link":"https:\/\/ventoleradelsur.com\/pt\/galeria-de-fotos\/","title":{"rendered":"Galeria de fotos"},"content":{"rendered":"<div data-elementor-type=\"wp-page\" data-elementor-id=\"6378\" class=\"elementor elementor-6378\">\n\t\t\t\t\t\t<section class=\"has_ma_el_bg_slider elementor-section elementor-top-section elementor-element elementor-element-d9b5710 elementor-section-boxed elementor-section-height-default elementor-section-height-default jltma-glass-effect-no\" data-id=\"d9b5710\" data-element_type=\"section\" data-settings=\"{&quot;jet_parallax_layout_list&quot;:[],&quot;_ha_eqh_enable&quot;:false}\">\n\t\t\t\t\t\t<div class=\"elementor-container elementor-column-gap-default\">\n\t\t\t\t\t<div class=\"has_ma_el_bg_slider elementor-column elementor-col-100 elementor-top-column elementor-element elementor-element-91f18ae jltma-glass-effect-no\" data-id=\"91f18ae\" data-element_type=\"column\">\n\t\t\t<div class=\"elementor-widget-wrap elementor-element-populated\">\n\t\t\t\t\t\t<div class=\"elementor-element elementor-element-7e6bda2 jltma-glass-effect-no elementor-widget elementor-widget-gallery\" data-id=\"7e6bda2\" data-element_type=\"widget\" data-settings=\"{&quot;columns&quot;:3,&quot;lazyload&quot;:&quot;yes&quot;,&quot;gallery_layout&quot;:&quot;grid&quot;,&quot;columns_tablet&quot;:2,&quot;columns_mobile&quot;:1,&quot;gap&quot;:{&quot;unit&quot;:&quot;px&quot;,&quot;size&quot;:10,&quot;sizes&quot;:[]},&quot;gap_tablet&quot;:{&quot;unit&quot;:&quot;px&quot;,&quot;size&quot;:10,&quot;sizes&quot;:[]},&quot;gap_mobile&quot;:{&quot;unit&quot;:&quot;px&quot;,&quot;size&quot;:10,&quot;sizes&quot;:[]},&quot;link_to&quot;:&quot;file&quot;,&quot;aspect_ratio&quot;:&quot;3:2&quot;,&quot;overlay_background&quot;:&quot;yes&quot;,&quot;content_hover_animation&quot;:&quot;fade-in&quot;}\" data-widget_type=\"gallery.default\">\n\t\t\t\t<div class=\"elementor-widget-container\">\n\t\t\t<style>\/*! elementor-pro - v3.6.4 - 15-03-2022 *\/\n.elementor-gallery__container{min-height:1px}.elementor-gallery-item{position:relative;overflow:hidden;display:block;text-decoration:none;border:solid var(--image-border-width) var(--image-border-color);border-radius:var(--image-border-radius)}.elementor-gallery-item__content,.elementor-gallery-item__overlay{height:100%;width:100%;position:absolute;top:0;left:0}.elementor-gallery-item__overlay{mix-blend-mode:var(--overlay-mix-blend-mode);-webkit-transition-duration:var(--overlay-transition-duration);-o-transition-duration:var(--overlay-transition-duration);transition-duration:var(--overlay-transition-duration);-webkit-transition-property:mix-blend-mode,opacity,background-color,-webkit-transform;transition-property:mix-blend-mode,opacity,background-color,-webkit-transform;-o-transition-property:mix-blend-mode,transform,opacity,background-color;transition-property:mix-blend-mode,transform,opacity,background-color;transition-property:mix-blend-mode,transform,opacity,background-color,-webkit-transform}.elementor-gallery-item__image.e-gallery-image{-webkit-transition-duration:var(--image-transition-duration);-o-transition-duration:var(--image-transition-duration);transition-duration:var(--image-transition-duration);-webkit-transition-property:-webkit-filter,-webkit-transform;transition-property:-webkit-filter,-webkit-transform;-o-transition-property:filter,transform;transition-property:filter,transform;transition-property:filter,transform,-webkit-filter,-webkit-transform}.elementor-gallery-item__content{display:-webkit-box;display:-ms-flexbox;display:flex;-webkit-box-orient:vertical;-webkit-box-direction:normal;-ms-flex-direction:column;flex-direction:column;-webkit-box-pack:var(--content-justify-content,center);-ms-flex-pack:var(--content-justify-content,center);justify-content:var(--content-justify-content,center);-webkit-box-align:center;-ms-flex-align:center;align-items:center;text-align:var(--content-text-align);padding:var(--content-padding)}.elementor-gallery-item__content>div{-webkit-transition-duration:var(--content-transition-duration);-o-transition-duration:var(--content-transition-duration);transition-duration:var(--content-transition-duration)}.elementor-gallery-item__content.elementor-gallery--sequenced-animation>div:nth-child(2){-webkit-transition-delay:calc((var(--content-transition-delay) \/ 3));-o-transition-delay:calc((var(--content-transition-delay) \/ 3));transition-delay:calc((var(--content-transition-delay) \/ 3))}.elementor-gallery-item__content.elementor-gallery--sequenced-animation>div:nth-child(3){-webkit-transition-delay:calc((var(--content-transition-delay) \/ 3) * 2);-o-transition-delay:calc((var(--content-transition-delay) \/ 3) * 2);transition-delay:calc((var(--content-transition-delay) \/ 3) * 2)}.elementor-gallery-item__content.elementor-gallery--sequenced-animation>div:nth-child(4){-webkit-transition-delay:calc((var(--content-transition-delay) \/ 3) * 3);-o-transition-delay:calc((var(--content-transition-delay) \/ 3) * 3);transition-delay:calc((var(--content-transition-delay) \/ 3) * 3)}.elementor-gallery-item__description{color:var(--description-text-color,#fff);width:100%}.elementor-gallery-item__title{color:var(--title-text-color,#fff);font-weight:700;width:100%}.elementor-gallery__titles-container{display:-webkit-box;display:-ms-flexbox;display:flex;-ms-flex-wrap:wrap;flex-wrap:wrap;-webkit-box-pack:var(--titles-container-justify-content,center);-ms-flex-pack:var(--titles-container-justify-content,center);justify-content:var(--titles-container-justify-content,center);margin-bottom:20px}.elementor-gallery__titles-container:not(.e--pointer-framed) .elementor-item:after,.elementor-gallery__titles-container:not(.e--pointer-framed) .elementor-item:before{background-color:var(--galleries-pointer-bg-color-hover)}.elementor-gallery__titles-container:not(.e--pointer-framed) .elementor-item.elementor-item-active:after,.elementor-gallery__titles-container:not(.e--pointer-framed) .elementor-item.elementor-item-active:before{background-color:var(--galleries-pointer-bg-color-active)}.elementor-gallery__titles-container.e--pointer-framed .elementor-item:before{border-color:var(--galleries-pointer-bg-color-hover);border-width:var(--galleries-pointer-border-width)}.elementor-gallery__titles-container.e--pointer-framed .elementor-item:after{border-color:var(--galleries-pointer-bg-color-hover)}.elementor-gallery__titles-container.e--pointer-framed .elementor-item.elementor-item-active:after,.elementor-gallery__titles-container.e--pointer-framed .elementor-item.elementor-item-active:before{border-color:var(--galleries-pointer-bg-color-active)}.elementor-gallery__titles-container.e--pointer-framed.e--animation-draw .elementor-item:before{border-left-width:var(--galleries-pointer-border-width);border-bottom-width:var(--galleries-pointer-border-width);border-right-width:0;border-top-width:0}.elementor-gallery__titles-container.e--pointer-framed.e--animation-draw .elementor-item:after{border-left-width:0;border-bottom-width:0;border-right-width:var(--galleries-pointer-border-width);border-top-width:var(--galleries-pointer-border-width)}.elementor-gallery__titles-container.e--pointer-framed.e--animation-corners .elementor-item:before{border-left-width:var(--galleries-pointer-border-width);border-bottom-width:0;border-right-width:0;border-top-width:var(--galleries-pointer-border-width)}.elementor-gallery__titles-container.e--pointer-framed.e--animation-corners .elementor-item:after{border-left-width:0;border-bottom-width:var(--galleries-pointer-border-width);border-right-width:var(--galleries-pointer-border-width);border-top-width:0}.elementor-gallery__titles-container .e--pointer-double-line .elementor-item:after,.elementor-gallery__titles-container .e--pointer-double-line .elementor-item:before,.elementor-gallery__titles-container .e--pointer-overline .elementor-item:before,.elementor-gallery__titles-container .e--pointer-underline .elementor-item:after{height:var(--galleries-pointer-border-width)}.elementor-gallery-title{--space-between:10px;cursor:pointer;color:#6d7882;font-weight:500;position:relative;padding:7px 14px;-webkit-transition:all .3s;-o-transition:all .3s;transition:all .3s}.elementor-gallery-title--active{color:#495157}.elementor-gallery-title:not(:last-child){margin-right:var(--space-between)}.elementor-gallery-item__title+.elementor-gallery-item__description{margin-top:var(--description-margin-top)}.e-gallery-item.elementor-gallery-item{-webkit-transition-property:all;-o-transition-property:all;transition-property:all}.e-gallery-item.elementor-animated-content .elementor-animated-item--enter-from-bottom,.e-gallery-item.elementor-animated-content .elementor-animated-item--enter-from-left,.e-gallery-item.elementor-animated-content .elementor-animated-item--enter-from-right,.e-gallery-item.elementor-animated-content .elementor-animated-item--enter-from-top,.e-gallery-item:hover .elementor-gallery__item-overlay-bg,.e-gallery-item:hover .elementor-gallery__item-overlay-content,.e-gallery-item:hover .elementor-gallery__item-overlay-content__description,.e-gallery-item:hover .elementor-gallery__item-overlay-content__title{opacity:1}a.elementor-item.elementor-gallery-title{color:var(--galleries-title-color-normal)}a.elementor-item.elementor-gallery-title.elementor-item-active,a.elementor-item.elementor-gallery-title.highlighted,a.elementor-item.elementor-gallery-title:focus,a.elementor-item.elementor-gallery-title:hover{color:var(--galleries-title-color-hover)}a.elementor-item.elementor-gallery-title.elementor-item-active{color:var(--gallery-title-color-active)}<\/style>\t\t<div class=\"elementor-gallery__container\">\n\t\t\t\t\t\t\t<a class=\"e-gallery-item elementor-gallery-item elementor-animated-content\" href=\"https:\/\/ventoleradelsur.com\/wp-content\/uploads\/2020\/08\/49489185_1198880866945988_3573982829052595280_n.jpg\" data-elementor-open-lightbox=\"yes\" data-elementor-lightbox-slideshow=\"all-7e6bda2\" data-elementor-lightbox-title=\"49489185_1198880866945988_3573982829052595280_n\" data-e-action-hash=\"#elementor-action%3Aaction%3Dlightbox%26settings%3DeyJpZCI6NTkyNywidXJsIjoiaHR0cHM6XC9cL3ZlbnRvbGVyYWRlbHN1ci5jb21cL3dwLWNvbnRlbnRcL3VwbG9hZHNcLzIwMjBcLzA4XC80OTQ4OTE4NV8xMTk4ODgwODY2OTQ1OTg4XzM1NzM5ODI4MjkwNTI1OTUyODBfbi5qcGciLCJzbGlkZXNob3ciOiJhbGwtN2U2YmRhMiJ9\">\n\t\t\t\t\t<div class=\"e-gallery-image elementor-gallery-item__image\" data-thumbnail=\"https:\/\/ventoleradelsur.com\/wp-content\/uploads\/2020\/08\/49489185_1198880866945988_3573982829052595280_n.jpg\" data-width=\"720\" data-height=\"720\" alt=\"\" ><\/div>\n\t\t\t\t\t\t\t\t\t\t\t<div class=\"elementor-gallery-item__overlay\"><\/div>\n\t\t\t\t\t\t\t\t\t\t\t\t\t\t<\/a>\n\t\t\t\t\t\t\t<a class=\"e-gallery-item elementor-gallery-item elementor-animated-content\" href=\"https:\/\/ventoleradelsur.com\/wp-content\/uploads\/2020\/08\/49933886_809412132733040_5878697562363250439_n.jpg\" data-elementor-open-lightbox=\"yes\" data-elementor-lightbox-slideshow=\"all-7e6bda2\" data-elementor-lightbox-title=\"49933886_809412132733040_5878697562363250439_n\" data-e-action-hash=\"#elementor-action%3Aaction%3Dlightbox%26settings%3DeyJpZCI6NTkyNiwidXJsIjoiaHR0cHM6XC9cL3ZlbnRvbGVyYWRlbHN1ci5jb21cL3dwLWNvbnRlbnRcL3VwbG9hZHNcLzIwMjBcLzA4XC80OTkzMzg4Nl84MDk0MTIxMzI3MzMwNDBfNTg3ODY5NzU2MjM2MzI1MDQzOV9uLmpwZyIsInNsaWRlc2hvdyI6ImFsbC03ZTZiZGEyIn0%3D\">\n\t\t\t\t\t<div class=\"e-gallery-image elementor-gallery-item__image\" data-thumbnail=\"https:\/\/ventoleradelsur.com\/wp-content\/uploads\/2020\/08\/49933886_809412132733040_5878697562363250439_n.jpg\" data-width=\"1080\" data-height=\"1080\" alt=\"\" ><\/div>\n\t\t\t\t\t\t\t\t\t\t\t<div class=\"elementor-gallery-item__overlay\"><\/div>\n\t\t\t\t\t\t\t\t\t\t\t\t\t\t<\/a>\n\t\t\t\t\t\t\t<a class=\"e-gallery-item elementor-gallery-item elementor-animated-content\" href=\"https:\/\/ventoleradelsur.com\/wp-content\/uploads\/2020\/08\/49907345_295266007821065_585600447347023779_n.jpg\" data-elementor-open-lightbox=\"yes\" data-elementor-lightbox-slideshow=\"all-7e6bda2\" data-elementor-lightbox-title=\"49907345_295266007821065_585600447347023779_n\" data-e-action-hash=\"#elementor-action%3Aaction%3Dlightbox%26settings%3DeyJpZCI6NTkyNSwidXJsIjoiaHR0cHM6XC9cL3ZlbnRvbGVyYWRlbHN1ci5jb21cL3dwLWNvbnRlbnRcL3VwbG9hZHNcLzIwMjBcLzA4XC80OTkwNzM0NV8yOTUyNjYwMDc4MjEwNjVfNTg1NjAwNDQ3MzQ3MDIzNzc5X24uanBnIiwic2xpZGVzaG93IjoiYWxsLTdlNmJkYTIifQ%3D%3D\">\n\t\t\t\t\t<div class=\"e-gallery-image elementor-gallery-item__image\" data-thumbnail=\"https:\/\/ventoleradelsur.com\/wp-content\/uploads\/2020\/08\/49907345_295266007821065_585600447347023779_n.jpg\" data-width=\"1080\" data-height=\"1080\" alt=\"\" ><\/div>\n\t\t\t\t\t\t\t\t\t\t\t<div class=\"elementor-gallery-item__overlay\"><\/div>\n\t\t\t\t\t\t\t\t\t\t\t\t\t\t<\/a>\n\t\t\t\t\t\t\t<a class=\"e-gallery-item elementor-gallery-item elementor-animated-content\" href=\"https:\/\/ventoleradelsur.com\/wp-content\/uploads\/2020\/08\/49608699_788496181505264_8691702088188441402_n.jpg\" data-elementor-open-lightbox=\"yes\" data-elementor-lightbox-slideshow=\"all-7e6bda2\" data-elementor-lightbox-title=\"49608699_788496181505264_8691702088188441402_n\" data-e-action-hash=\"#elementor-action%3Aaction%3Dlightbox%26settings%3DeyJpZCI6NTkyNCwidXJsIjoiaHR0cHM6XC9cL3ZlbnRvbGVyYWRlbHN1ci5jb21cL3dwLWNvbnRlbnRcL3VwbG9hZHNcLzIwMjBcLzA4XC80OTYwODY5OV83ODg0OTYxODE1MDUyNjRfODY5MTcwMjA4ODE4ODQ0MTQwMl9uLmpwZyIsInNsaWRlc2hvdyI6ImFsbC03ZTZiZGEyIn0%3D\">\n\t\t\t\t\t<div class=\"e-gallery-image elementor-gallery-item__image\" data-thumbnail=\"https:\/\/ventoleradelsur.com\/wp-content\/uploads\/2020\/08\/49608699_788496181505264_8691702088188441402_n.jpg\" data-width=\"720\" data-height=\"720\" alt=\"\" ><\/div>\n\t\t\t\t\t\t\t\t\t\t\t<div class=\"elementor-gallery-item__overlay\"><\/div>\n\t\t\t\t\t\t\t\t\t\t\t\t\t\t<\/a>\n\t\t\t\t\t\t\t<a class=\"e-gallery-item elementor-gallery-item elementor-animated-content\" href=\"https:\/\/ventoleradelsur.com\/wp-content\/uploads\/2020\/08\/57104313_116034659388756_7779084637275244700_n.jpg\" data-elementor-open-lightbox=\"yes\" data-elementor-lightbox-slideshow=\"all-7e6bda2\" data-elementor-lightbox-title=\"57104313_116034659388756_7779084637275244700_n\" data-e-action-hash=\"#elementor-action%3Aaction%3Dlightbox%26settings%3DeyJpZCI6NTkyMywidXJsIjoiaHR0cHM6XC9cL3ZlbnRvbGVyYWRlbHN1ci5jb21cL3dwLWNvbnRlbnRcL3VwbG9hZHNcLzIwMjBcLzA4XC81NzEwNDMxM18xMTYwMzQ2NTkzODg3NTZfNzc3OTA4NDYzNzI3NTI0NDcwMF9uLmpwZyIsInNsaWRlc2hvdyI6ImFsbC03ZTZiZGEyIn0%3D\">\n\t\t\t\t\t<div class=\"e-gallery-image elementor-gallery-item__image\" data-thumbnail=\"https:\/\/ventoleradelsur.com\/wp-content\/uploads\/2020\/08\/57104313_116034659388756_7779084637275244700_n.jpg\" data-width=\"1080\" data-height=\"1080\" alt=\"\" ><\/div>\n\t\t\t\t\t\t\t\t\t\t\t<div class=\"elementor-gallery-item__overlay\"><\/div>\n\t\t\t\t\t\t\t\t\t\t\t\t\t\t<\/a>\n\t\t\t\t\t\t\t<a class=\"e-gallery-item elementor-gallery-item elementor-animated-content\" href=\"https:\/\/ventoleradelsur.com\/wp-content\/uploads\/2022\/02\/47691978_316717745615329_900097834463799012_n.jpg\" data-elementor-open-lightbox=\"yes\" data-elementor-lightbox-slideshow=\"all-7e6bda2\" data-elementor-lightbox-title=\"47691978_316717745615329_900097834463799012_n\" data-e-action-hash=\"#elementor-action%3Aaction%3Dlightbox%26settings%3DeyJpZCI6NTg4NCwidXJsIjoiaHR0cHM6XC9cL3ZlbnRvbGVyYWRlbHN1ci5jb21cL3dwLWNvbnRlbnRcL3VwbG9hZHNcLzIwMjJcLzAyXC80NzY5MTk3OF8zMTY3MTc3NDU2MTUzMjlfOTAwMDk3ODM0NDYzNzk5MDEyX24uanBnIiwic2xpZGVzaG93IjoiYWxsLTdlNmJkYTIifQ%3D%3D\">\n\t\t\t\t\t<div class=\"e-gallery-image elementor-gallery-item__image\" data-thumbnail=\"https:\/\/ventoleradelsur.com\/wp-content\/uploads\/2022\/02\/47691978_316717745615329_900097834463799012_n.jpg\" data-width=\"1080\" data-height=\"1080\" alt=\"\" ><\/div>\n\t\t\t\t\t\t\t\t\t\t\t<div class=\"elementor-gallery-item__overlay\"><\/div>\n\t\t\t\t\t\t\t\t\t\t\t\t\t\t<\/a>\n\t\t\t\t\t\t\t<a class=\"e-gallery-item elementor-gallery-item elementor-animated-content\" href=\"https:\/\/ventoleradelsur.com\/wp-content\/uploads\/2022\/02\/47585946_334932157108892_6856822462033658581_n.jpg\" data-elementor-open-lightbox=\"yes\" data-elementor-lightbox-slideshow=\"all-7e6bda2\" data-elementor-lightbox-title=\"47585946_334932157108892_6856822462033658581_n\" data-e-action-hash=\"#elementor-action%3Aaction%3Dlightbox%26settings%3DeyJpZCI6NTg4MywidXJsIjoiaHR0cHM6XC9cL3ZlbnRvbGVyYWRlbHN1ci5jb21cL3dwLWNvbnRlbnRcL3VwbG9hZHNcLzIwMjJcLzAyXC80NzU4NTk0Nl8zMzQ5MzIxNTcxMDg4OTJfNjg1NjgyMjQ2MjAzMzY1ODU4MV9uLmpwZyIsInNsaWRlc2hvdyI6ImFsbC03ZTZiZGEyIn0%3D\">\n\t\t\t\t\t<div class=\"e-gallery-image elementor-gallery-item__image\" data-thumbnail=\"https:\/\/ventoleradelsur.com\/wp-content\/uploads\/2022\/02\/47585946_334932157108892_6856822462033658581_n.jpg\" data-width=\"900\" data-height=\"900\" alt=\"\" ><\/div>\n\t\t\t\t\t\t\t\t\t\t\t<div class=\"elementor-gallery-item__overlay\"><\/div>\n\t\t\t\t\t\t\t\t\t\t\t\t\t\t<\/a>\n\t\t\t\t\t\t\t<a class=\"e-gallery-item elementor-gallery-item elementor-animated-content\" href=\"https:\/\/ventoleradelsur.com\/wp-content\/uploads\/2022\/02\/47694195_336954680363368_7251019361917878411_n.jpg\" data-elementor-open-lightbox=\"yes\" data-elementor-lightbox-slideshow=\"all-7e6bda2\" data-elementor-lightbox-title=\"47694195_336954680363368_7251019361917878411_n\" data-e-action-hash=\"#elementor-action%3Aaction%3Dlightbox%26settings%3DeyJpZCI6NTg4MSwidXJsIjoiaHR0cHM6XC9cL3ZlbnRvbGVyYWRlbHN1ci5jb21cL3dwLWNvbnRlbnRcL3VwbG9hZHNcLzIwMjJcLzAyXC80NzY5NDE5NV8zMzY5NTQ2ODAzNjMzNjhfNzI1MTAxOTM2MTkxNzg3ODQxMV9uLmpwZyIsInNsaWRlc2hvdyI6ImFsbC03ZTZiZGEyIn0%3D\">\n\t\t\t\t\t<div class=\"e-gallery-image elementor-gallery-item__image\" data-thumbnail=\"https:\/\/ventoleradelsur.com\/wp-content\/uploads\/2022\/02\/47694195_336954680363368_7251019361917878411_n.jpg\" data-width=\"640\" data-height=\"640\" alt=\"\" ><\/div>\n\t\t\t\t\t\t\t\t\t\t\t<div class=\"elementor-gallery-item__overlay\"><\/div>\n\t\t\t\t\t\t\t\t\t\t\t\t\t\t<\/a>\n\t\t\t\t\t<\/div>\n\t\t\t<\/div>\n\t\t\t\t<\/div>\n\t\t\t\t\t<\/div>\n\t\t<\/div>\n\t\t\t\t\t<\/div>\n\t\t<\/section>\n\t\t\t\t<\/div>","protected":false},"excerpt":{"rendered":"","protected":false},"author":1,"featured_media":0,"parent":0,"menu_order":13,"comment_status":"closed","ping_status":"open","template":"elementor_theme","meta":{"footnotes":""},"yoast_head":"<!-- This site is optimized with the Yoast SEO Premium plugin v18.0 (Yoast SEO v22.2) - https:\/\/yoast.com\/wordpress\/plugins\/seo\/ -->\n<title>Galer\u00eda de Fotos - Federaci\u00f3n Ventolera del Sur<\/title>\n<meta name=\"robots\" content=\"index, follow, max-snippet:-1, max-image-preview:large, max-video-preview:-1\" \/>\n<link rel=\"canonical\" href=\"https:\/\/ventoleradelsur.com\/pt\/galeria-de-fotos\/\" \/>\n<meta property=\"og:locale\" content=\"pt_PT\" \/>\n<meta property=\"og:type\" content=\"article\" \/>\n<meta property=\"og:title\" content=\"Galer\u00eda de Fotos\" \/>\n<meta property=\"og:url\" content=\"https:\/\/ventoleradelsur.com\/pt\/galeria-de-fotos\/\" \/>\n<meta property=\"og:site_name\" content=\"Federaci\u00f3n Ventolera del Sur\" \/>\n<meta property=\"article:publisher\" content=\"https:\/\/www.facebook.com\/FederacionVentoleradelSur\" \/>\n<meta property=\"article:modified_time\" content=\"2022-03-07T01:57:19+00:00\" \/>\n<meta property=\"og:image\" content=\"https:\/\/ventoleradelsur.com\/wp-content\/uploads\/2022\/03\/Slider-Ventolera-Redes.jpg\" \/>\n\t<meta property=\"og:image:width\" content=\"1200\" \/>\n\t<meta property=\"og:image:height\" content=\"453\" \/>\n\t<meta property=\"og:image:type\" content=\"image\/jpeg\" \/>\n<meta name=\"twitter:card\" content=\"summary_large_image\" \/>\n<script type=\"application\/ld+json\" class=\"yoast-schema-graph\">{\"@context\":\"https:\/\/schema.org\",\"@graph\":[{\"@type\":\"WebPage\",\"@id\":\"https:\/\/ventoleradelsur.com\/galeria-de-fotos\/\",\"url\":\"https:\/\/ventoleradelsur.com\/galeria-de-fotos\/\",\"name\":\"Galer\u00eda de Fotos - Federaci\u00f3n Ventolera del Sur\",\"isPartOf\":{\"@id\":\"https:\/\/ventoleradelsur.com\/#website\"},\"datePublished\":\"2022-02-22T15:54:05+00:00\",\"dateModified\":\"2022-03-07T01:57:19+00:00\",\"breadcrumb\":{\"@id\":\"https:\/\/ventoleradelsur.com\/galeria-de-fotos\/#breadcrumb\"},\"inLanguage\":\"pt-PT\",\"potentialAction\":[{\"@type\":\"ReadAction\",\"target\":[\"https:\/\/ventoleradelsur.com\/galeria-de-fotos\/\"]}]},{\"@type\":\"BreadcrumbList\",\"@id\":\"https:\/\/ventoleradelsur.com\/galeria-de-fotos\/#breadcrumb\",\"itemListElement\":[{\"@type\":\"ListItem\",\"position\":1,\"name\":\"Portada\",\"item\":\"https:\/\/ventoleradelsur.com\/\"},{\"@type\":\"ListItem\",\"position\":2,\"name\":\"Galer\u00eda de Fotos\"}]},{\"@type\":\"WebSite\",\"@id\":\"https:\/\/ventoleradelsur.com\/#website\",\"url\":\"https:\/\/ventoleradelsur.com\/\",\"name\":\"Federaci\u00f3n Ventolera del Sur\",\"description\":\"Federaci\u00f3n de Asociaciones Vecinales del municipio de Santa Luc\u00eda de Tirajana\",\"publisher\":{\"@id\":\"https:\/\/ventoleradelsur.com\/#organization\"},\"potentialAction\":[{\"@type\":\"SearchAction\",\"target\":{\"@type\":\"EntryPoint\",\"urlTemplate\":\"https:\/\/ventoleradelsur.com\/?s={search_term_string}\"},\"query-input\":\"required name=search_term_string\"}],\"inLanguage\":\"pt-PT\"},{\"@type\":\"Organization\",\"@id\":\"https:\/\/ventoleradelsur.com\/#organization\",\"name\":\"Ventolera del Sur\",\"url\":\"https:\/\/ventoleradelsur.com\/\",\"logo\":{\"@type\":\"ImageObject\",\"inLanguage\":\"pt-PT\",\"@id\":\"https:\/\/ventoleradelsur.com\/#\/schema\/logo\/image\/\",\"url\":\"https:\/\/ventoleradelsur.com\/wp-content\/uploads\/2020\/07\/ventolera-del-sur-logo.png\",\"contentUrl\":\"https:\/\/ventoleradelsur.com\/wp-content\/uploads\/2020\/07\/ventolera-del-sur-logo.png\",\"width\":600,\"height\":264,\"caption\":\"Ventolera del Sur\"},\"image\":{\"@id\":\"https:\/\/ventoleradelsur.com\/#\/schema\/logo\/image\/\"},\"sameAs\":[\"https:\/\/www.facebook.com\/FederacionVentoleradelSur\",\"https:\/\/www.instagram.com\/federacionventoleradel\/\"]}]}<\/script>\n<!-- \/ Yoast SEO Premium plugin. -->","yoast_head_json":{"title":"Galer\u00eda de Fotos - Federaci\u00f3n Ventolera del Sur","robots":{"index":"index","follow":"follow","max-snippet":"max-snippet:-1","max-image-preview":"max-image-preview:large","max-video-preview":"max-video-preview:-1"},"canonical":"https:\/\/ventoleradelsur.com\/pt\/galeria-de-fotos\/","og_locale":"pt_PT","og_type":"article","og_title":"Galer\u00eda de Fotos","og_url":"https:\/\/ventoleradelsur.com\/pt\/galeria-de-fotos\/","og_site_name":"Federaci\u00f3n Ventolera del Sur","article_publisher":"https:\/\/www.facebook.com\/FederacionVentoleradelSur","article_modified_time":"2022-03-07T01:57:19+00:00","og_image":[{"width":1200,"height":453,"url":"https:\/\/ventoleradelsur.com\/wp-content\/uploads\/2022\/03\/Slider-Ventolera-Redes.jpg","type":"image\/jpeg"}],"twitter_card":"summary_large_image","schema":{"@context":"https:\/\/schema.org","@graph":[{"@type":"WebPage","@id":"https:\/\/ventoleradelsur.com\/galeria-de-fotos\/","url":"https:\/\/ventoleradelsur.com\/galeria-de-fotos\/","name":"Galer\u00eda de Fotos - Federaci\u00f3n Ventolera del Sur","isPartOf":{"@id":"https:\/\/ventoleradelsur.com\/#website"},"datePublished":"2022-02-22T15:54:05+00:00","dateModified":"2022-03-07T01:57:19+00:00","breadcrumb":{"@id":"https:\/\/ventoleradelsur.com\/galeria-de-fotos\/#breadcrumb"},"inLanguage":"pt-PT","potentialAction":[{"@type":"ReadAction","target":["https:\/\/ventoleradelsur.com\/galeria-de-fotos\/"]}]},{"@type":"BreadcrumbList","@id":"https:\/\/ventoleradelsur.com\/galeria-de-fotos\/#breadcrumb","itemListElement":[{"@type":"ListItem","position":1,"name":"Portada","item":"https:\/\/ventoleradelsur.com\/"},{"@type":"ListItem","position":2,"name":"Galer\u00eda de Fotos"}]},{"@type":"WebSite","@id":"https:\/\/ventoleradelsur.com\/#website","url":"https:\/\/ventoleradelsur.com\/","name":"Federaci\u00f3n Ventolera del Sur","description":"Federaci\u00f3n de Asociaciones Vecinales del municipio de Santa Luc\u00eda de Tirajana","publisher":{"@id":"https:\/\/ventoleradelsur.com\/#organization"},"potentialAction":[{"@type":"SearchAction","target":{"@type":"EntryPoint","urlTemplate":"https:\/\/ventoleradelsur.com\/?s={search_term_string}"},"query-input":"required name=search_term_string"}],"inLanguage":"pt-PT"},{"@type":"Organization","@id":"https:\/\/ventoleradelsur.com\/#organization","name":"Ventolera del Sur","url":"https:\/\/ventoleradelsur.com\/","logo":{"@type":"ImageObject","inLanguage":"pt-PT","@id":"https:\/\/ventoleradelsur.com\/#\/schema\/logo\/image\/","url":"https:\/\/ventoleradelsur.com\/wp-content\/uploads\/2020\/07\/ventolera-del-sur-logo.png","contentUrl":"https:\/\/ventoleradelsur.com\/wp-content\/uploads\/2020\/07\/ventolera-del-sur-logo.png","width":600,"height":264,"caption":"Ventolera del Sur"},"image":{"@id":"https:\/\/ventoleradelsur.com\/#\/schema\/logo\/image\/"},"sameAs":["https:\/\/www.facebook.com\/FederacionVentoleradelSur","https:\/\/www.instagram.com\/federacionventoleradel\/"]}]}},"_links":{"self":[{"href":"https:\/\/ventoleradelsur.com\/pt\/wp-json\/wp\/v2\/pages\/6378"}],"collection":[{"href":"https:\/\/ventoleradelsur.com\/pt\/wp-json\/wp\/v2\/pages"}],"about":[{"href":"https:\/\/ventoleradelsur.com\/pt\/wp-json\/wp\/v2\/types\/page"}],"author":[{"embeddable":true,"href":"https:\/\/ventoleradelsur.com\/pt\/wp-json\/wp\/v2\/users\/1"}],"replies":[{"embeddable":true,"href":"https:\/\/ventoleradelsur.com\/pt\/wp-json\/wp\/v2\/comments?post=6378"}],"version-history":[{"count":0,"href":"https:\/\/ventoleradelsur.com\/pt\/wp-json\/wp\/v2\/pages\/6378\/revisions"}],"wp:attachment":[{"href":"https:\/\/ventoleradelsur.com\/pt\/wp-json\/wp\/v2\/media?parent=6378"}],"curies":[{"name":"wp","href":"https:\/\/api.w.org\/{rel}","templated":true}]}}