{"id":9082,"date":"2022-05-06T14:45:18","date_gmt":"2022-05-06T14:45:18","guid":{"rendered":"https:\/\/ventoleradelsur.com\/?page_id=9082"},"modified":"2022-05-06T14:46:06","modified_gmt":"2022-05-06T14:46:06","slug":"aviso-legal","status":"publish","type":"page","link":"https:\/\/ventoleradelsur.com\/it\/aviso-legal\/","title":{"rendered":"Aviso legal"},"content":{"rendered":"<p>Por favor, lea todos los apartados del presente aviso legal y nuestra pol\u00edtica de privacidad antes de utilizar este sitio web. Las siguientes condiciones son vinculantes para cualquier usuario del mismo.<\/p>\n<p>En cumplimiento con el deber de informaci\u00f3n dispuesto en la Ley 34\/2002 de Servicios de la Sociedad de la Informaci\u00f3n y el Comercio Electr\u00f3nico (LSSI-CE) de 11 de julio, se facilitan a continuaci\u00f3n los siguientes datos de informaci\u00f3n general de este sitio web.<\/p>\n<p>La raz\u00f3n de este texto es explicarte de manera detallada las funcionalidades de esta web y aportarte toda la informaci\u00f3n relacionada con el responsable y la finalidad de los contenidos incluidos en ella.<\/p>\n<p><strong>DATOS IDENTIFICATIVOS<\/strong><\/p>\n<p>El presente aviso legal y pol\u00edtica de privacidad regula el uso del servicio del PORTAL de Internet Federaci\u00f3n de Asociaciones de Vecinos Ventolera del Sur inform\u00e1ndole en cumplimiento de la Ley 34\/2002, de 11 de julio, de servicios de la sociedad de la informaci\u00f3n y de comercio electr\u00f3nico, lo siguientes:<\/p>\n<ul>\n<li>Denominaci\u00f3n social del Responsable: Federaci\u00f3n de Asociaciones de Vecinos Ventolera del Sur<\/li>\n<li>CIF: G-35412121 \u00a0y domicilio en C\/ COLON ESQ. ISLA GRACIOSA. EDIF. EL ZAGUAN LOC. 7, MOD. 1, 35110, Vecindario, Las Palmas.<\/li>\n<li>Podr\u00e1 contactar con nosotros en las distintas \u00e1reas se\u00f1aladas en el apartado \u201cCont\u00e1ctanos\u201d o especificadas en cada apartado de nuestro portal.<\/li>\n<\/ul>\n<p><strong>I.- CONDICIONES GENERALES DE USO DEL PORTAL<\/strong><\/p>\n<p>Le pedimos que lea cuidadosamente los t\u00e9rminos y consejos para acceder a esta direcci\u00f3n y a cualquier p\u00e1gina o link inserto en la misma. En caso de acceso usted se compromete a cumplir con los t\u00e9rminos y condiciones que aparecen a continuaci\u00f3n.<\/p>\n<p>Federaci\u00f3n de Asociaciones de Vecinos Ventolera del Sur se reserva el derecho a modificar unilateralmente la configuraci\u00f3n de esta p\u00e1gina o los servicios en ella prestados, en cualquier momento y sin necesidad de previo aviso. Si no estuviese de acuerdo con los siguientes t\u00e9rminos o condiciones le rogamos no acceda a esta direcci\u00f3n o a cualquier p\u00e1gina o link de la misma.<\/p>\n<p><strong>II.- COPYRIGHT<\/strong><\/p>\n<p>Los logos de Federaci\u00f3n de Asociaciones de Vecinos Ventolera del Sur son marcas registradas e identificativas de los servicios que se prestan. Asimismo Federaci\u00f3n de Asociaciones de Vecinos Ventolera del Sur, puede reclamar derechos de marca registrada y marca identificativa de servicios sobre las marcas que pertenezcan a su grupo y aparezcan en el sitio web.<\/p>\n<p><strong>III.- MARCAS REGISTRADAS<\/strong><\/p>\n<p>Los Derechos de Propiedad Intelectual de estas p\u00e1ginas, de las pantallas que muestran estas p\u00e1ginas, y de la informaci\u00f3n y material que aparecen en las mismas, as\u00ed como de su disposici\u00f3n, pertenecen a Federaci\u00f3n de Asociaciones de Vecinos Ventolera del Sur, salvo que se indique lo contrario.<\/p>\n<p><strong>IV.- CONDICIONES DE UTILIZACION DE LA PAGINA WEB<\/strong><\/p>\n<p>El contenido de este sitio web est\u00e1 protegido por las leyes de propiedad intelectual. Dichos contenidos deber\u00e1n ser usados de forma correcta y l\u00edcita por el usuario y, en particular, queda obligado a utilizar dichos contenidos de forma diligente, correcta y l\u00edcita.<\/p>\n<p>No podr\u00e1n usarse los contenidos de forma contraria a la ley, a la moral o a las buenas costumbres aceptadas en orden p\u00fablico.<\/p>\n<p>Est\u00e1 prohibida la transmisi\u00f3n de cualquier tipo de datos que usted pueda realizar a este sitio web, o a otras pertenecientes a Federaci\u00f3n de Asociaciones de Vecinos Ventolera del Sur cuyos links podr\u00e1 encontrar dentro de esta p\u00e1gina, que atente contra los derechos de propiedad de terceros, sean obscenos, pornogr\u00e1ficos, difamatorios, de car\u00e1cter amenazador o material que pueda ser considerado delito o falta en virtud del vigente C\u00f3digo Penal.<\/p>\n<p>Queda prohibida la reproducci\u00f3n, copia, distribuci\u00f3n, transformaci\u00f3n o modificaci\u00f3n de contenidos (textos, im\u00e1genes, voces o estructura) a menos que se cuente con la autorizaci\u00f3n expresa y por escrito del titular de los derechos adquiridos.<\/p>\n<p><strong>V.- RESPONSABILIDADES POR DA\u00d1OS Y PERJUICIOS<\/strong><\/p>\n<p>El usuario del sitio web de Federaci\u00f3n de Asociaciones de Vecinos Ventolera del Sur o de cualquiera de las webs de empresas filiales ser\u00e1 responsable de los Da\u00f1os y Perjuicios que Especialistas Web pueda sufrir directa o indirectamente, como consecuencia del incumplimiento de cualquiera de las obligaciones derivadas establecidas en el presente Aviso Legal.<\/p>\n<p><strong>VI.- LIMITE DE RESPONSABILIDAD<\/strong><\/p>\n<p>En ning\u00fan caso Federaci\u00f3n de Asociaciones de Vecinos Ventolera del Sur, ni ninguna de sus filiales, ser\u00e1 responsable de alg\u00fan da\u00f1o, incluyendo sin l\u00edmite da\u00f1os, p\u00e9rdidas o gastos directos, indirectos inherentes o consecuentes que surjan en relaci\u00f3n con la utilizaci\u00f3n de este sitio web o de los enlaces con otras p\u00e1ginas aqu\u00ed recogidas.<\/p>\n<p>En todo caso, de ser requerido por orden judicial, Federaci\u00f3n de Asociaciones de Vecinos Ventolera del Sur colaborar\u00e1 con las autoridades pertinentes en la identificaci\u00f3n de las personas responsables de aquellos contenidos que puedan violar la ley.<\/p>\n<p>De igual forma, Federaci\u00f3n de Asociaciones de Vecinos Ventolera del Sur, y por ende sus filiales, eluden toda responsabilidad en los supuestos de fallo en el rendimiento, error, omisi\u00f3n, interrupci\u00f3n, defecto de demora en la operaci\u00f3n de transmisi\u00f3n, virus inform\u00e1tico, fallo del sistema o l\u00ednea, as\u00ed como en el contenido, exactitud y opiniones expresadas y otras conexiones suministradas por estos medios.<\/p>\n<p>El sitio web de Federaci\u00f3n de Asociaciones de Vecinos Ventolera del Sur conecta con ciertos links de otras p\u00e1ginas web que pertenecen a terceros sobre los que Federaci\u00f3n de Asociaciones de Vecinos Ventolera del Sur no tiene control alguno. En estos supuestos Federaci\u00f3n de Asociaciones de Vecinos Ventolera del Sur no asume responsabilidad alguna ni compromiso sobre la informaci\u00f3n contenida en estas p\u00e1ginas.<\/p>","protected":false},"excerpt":{"rendered":"<p>Por favor, lea todos los apartados del presente aviso legal y nuestra pol\u00edtica de privacidad antes de utilizar este sitio web. Las siguientes condiciones son vinculantes para cualquier usuario del mismo. En cumplimiento con el deber de informaci\u00f3n dispuesto en la Ley 34\/2002 de Servicios de la Sociedad de la Informaci\u00f3n y el Comercio Electr\u00f3nico [&hellip;]<\/p>","protected":false},"author":1,"featured_media":0,"parent":0,"menu_order":0,"comment_status":"closed","ping_status":"closed","template":"","meta":{"footnotes":""},"yoast_head":"<!-- This site is optimized with the Yoast SEO Premium plugin v18.0 (Yoast SEO v22.2) - https:\/\/yoast.com\/wordpress\/plugins\/seo\/ -->\n<title>Aviso legal - Federaci\u00f3n Ventolera del Sur<\/title>\n<meta name=\"robots\" content=\"index, follow, max-snippet:-1, max-image-preview:large, max-video-preview:-1\" \/>\n<link rel=\"canonical\" href=\"https:\/\/ventoleradelsur.com\/it\/aviso-legal\/\" \/>\n<meta property=\"og:locale\" content=\"it_IT\" \/>\n<meta property=\"og:type\" content=\"article\" \/>\n<meta property=\"og:title\" content=\"Aviso legal\" \/>\n<meta property=\"og:description\" content=\"Por favor, lea todos los apartados del presente aviso legal y nuestra pol\u00edtica de privacidad antes de utilizar este sitio web. Las siguientes condiciones son vinculantes para cualquier usuario del mismo. En cumplimiento con el deber de informaci\u00f3n dispuesto en la Ley 34\/2002 de Servicios de la Sociedad de la Informaci\u00f3n y el Comercio Electr\u00f3nico [&hellip;]\" \/>\n<meta property=\"og:url\" content=\"https:\/\/ventoleradelsur.com\/it\/aviso-legal\/\" \/>\n<meta property=\"og:site_name\" content=\"Federaci\u00f3n Ventolera del Sur\" \/>\n<meta property=\"article:publisher\" content=\"https:\/\/www.facebook.com\/FederacionVentoleradelSur\" \/>\n<meta property=\"article:modified_time\" content=\"2022-05-06T14:46:06+00:00\" \/>\n<meta property=\"og:image\" content=\"https:\/\/ventoleradelsur.com\/wp-content\/uploads\/2022\/03\/Slider-Ventolera-Redes.jpg\" \/>\n\t<meta property=\"og:image:width\" content=\"1200\" \/>\n\t<meta property=\"og:image:height\" content=\"453\" \/>\n\t<meta property=\"og:image:type\" content=\"image\/jpeg\" \/>\n<meta name=\"twitter:card\" content=\"summary_large_image\" \/>\n<meta name=\"twitter:label1\" content=\"Tempo di lettura stimato\" \/>\n\t<meta name=\"twitter:data1\" content=\"5 minuti\" \/>\n<script type=\"application\/ld+json\" class=\"yoast-schema-graph\">{\"@context\":\"https:\/\/schema.org\",\"@graph\":[{\"@type\":\"WebPage\",\"@id\":\"https:\/\/ventoleradelsur.com\/aviso-legal\/\",\"url\":\"https:\/\/ventoleradelsur.com\/aviso-legal\/\",\"name\":\"Aviso legal - Federaci\u00f3n Ventolera del Sur\",\"isPartOf\":{\"@id\":\"https:\/\/ventoleradelsur.com\/#website\"},\"datePublished\":\"2022-05-06T14:45:18+00:00\",\"dateModified\":\"2022-05-06T14:46:06+00:00\",\"breadcrumb\":{\"@id\":\"https:\/\/ventoleradelsur.com\/aviso-legal\/#breadcrumb\"},\"inLanguage\":\"it-IT\",\"potentialAction\":[{\"@type\":\"ReadAction\",\"target\":[\"https:\/\/ventoleradelsur.com\/aviso-legal\/\"]}]},{\"@type\":\"BreadcrumbList\",\"@id\":\"https:\/\/ventoleradelsur.com\/aviso-legal\/#breadcrumb\",\"itemListElement\":[{\"@type\":\"ListItem\",\"position\":1,\"name\":\"Portada\",\"item\":\"https:\/\/ventoleradelsur.com\/\"},{\"@type\":\"ListItem\",\"position\":2,\"name\":\"Aviso legal\"}]},{\"@type\":\"WebSite\",\"@id\":\"https:\/\/ventoleradelsur.com\/#website\",\"url\":\"https:\/\/ventoleradelsur.com\/\",\"name\":\"Federaci\u00f3n Ventolera del Sur\",\"description\":\"Federaci\u00f3n de Asociaciones Vecinales del municipio de Santa Luc\u00eda de Tirajana\",\"publisher\":{\"@id\":\"https:\/\/ventoleradelsur.com\/#organization\"},\"potentialAction\":[{\"@type\":\"SearchAction\",\"target\":{\"@type\":\"EntryPoint\",\"urlTemplate\":\"https:\/\/ventoleradelsur.com\/?s={search_term_string}\"},\"query-input\":\"required name=search_term_string\"}],\"inLanguage\":\"it-IT\"},{\"@type\":\"Organization\",\"@id\":\"https:\/\/ventoleradelsur.com\/#organization\",\"name\":\"Ventolera del Sur\",\"url\":\"https:\/\/ventoleradelsur.com\/\",\"logo\":{\"@type\":\"ImageObject\",\"inLanguage\":\"it-IT\",\"@id\":\"https:\/\/ventoleradelsur.com\/#\/schema\/logo\/image\/\",\"url\":\"https:\/\/ventoleradelsur.com\/wp-content\/uploads\/2020\/07\/ventolera-del-sur-logo.png\",\"contentUrl\":\"https:\/\/ventoleradelsur.com\/wp-content\/uploads\/2020\/07\/ventolera-del-sur-logo.png\",\"width\":600,\"height\":264,\"caption\":\"Ventolera del Sur\"},\"image\":{\"@id\":\"https:\/\/ventoleradelsur.com\/#\/schema\/logo\/image\/\"},\"sameAs\":[\"https:\/\/www.facebook.com\/FederacionVentoleradelSur\",\"https:\/\/www.instagram.com\/federacionventoleradel\/\"]}]}<\/script>\n<!-- \/ Yoast SEO Premium plugin. -->","yoast_head_json":{"title":"Aviso legal - Federaci\u00f3n Ventolera del Sur","robots":{"index":"index","follow":"follow","max-snippet":"max-snippet:-1","max-image-preview":"max-image-preview:large","max-video-preview":"max-video-preview:-1"},"canonical":"https:\/\/ventoleradelsur.com\/it\/aviso-legal\/","og_locale":"it_IT","og_type":"article","og_title":"Aviso legal","og_description":"Por favor, lea todos los apartados del presente aviso legal y nuestra pol\u00edtica de privacidad antes de utilizar este sitio web. Las siguientes condiciones son vinculantes para cualquier usuario del mismo. En cumplimiento con el deber de informaci\u00f3n dispuesto en la Ley 34\/2002 de Servicios de la Sociedad de la Informaci\u00f3n y el Comercio Electr\u00f3nico [&hellip;]","og_url":"https:\/\/ventoleradelsur.com\/it\/aviso-legal\/","og_site_name":"Federaci\u00f3n Ventolera del Sur","article_publisher":"https:\/\/www.facebook.com\/FederacionVentoleradelSur","article_modified_time":"2022-05-06T14:46:06+00:00","og_image":[{"width":1200,"height":453,"url":"https:\/\/ventoleradelsur.com\/wp-content\/uploads\/2022\/03\/Slider-Ventolera-Redes.jpg","type":"image\/jpeg"}],"twitter_card":"summary_large_image","twitter_misc":{"Tempo di lettura stimato":"5 minuti"},"schema":{"@context":"https:\/\/schema.org","@graph":[{"@type":"WebPage","@id":"https:\/\/ventoleradelsur.com\/aviso-legal\/","url":"https:\/\/ventoleradelsur.com\/aviso-legal\/","name":"Aviso legal - Federaci\u00f3n Ventolera del Sur","isPartOf":{"@id":"https:\/\/ventoleradelsur.com\/#website"},"datePublished":"2022-05-06T14:45:18+00:00","dateModified":"2022-05-06T14:46:06+00:00","breadcrumb":{"@id":"https:\/\/ventoleradelsur.com\/aviso-legal\/#breadcrumb"},"inLanguage":"it-IT","potentialAction":[{"@type":"ReadAction","target":["https:\/\/ventoleradelsur.com\/aviso-legal\/"]}]},{"@type":"BreadcrumbList","@id":"https:\/\/ventoleradelsur.com\/aviso-legal\/#breadcrumb","itemListElement":[{"@type":"ListItem","position":1,"name":"Portada","item":"https:\/\/ventoleradelsur.com\/"},{"@type":"ListItem","position":2,"name":"Aviso legal"}]},{"@type":"WebSite","@id":"https:\/\/ventoleradelsur.com\/#website","url":"https:\/\/ventoleradelsur.com\/","name":"Federaci\u00f3n Ventolera del Sur","description":"Federaci\u00f3n de Asociaciones Vecinales del municipio de Santa Luc\u00eda de Tirajana","publisher":{"@id":"https:\/\/ventoleradelsur.com\/#organization"},"potentialAction":[{"@type":"SearchAction","target":{"@type":"EntryPoint","urlTemplate":"https:\/\/ventoleradelsur.com\/?s={search_term_string}"},"query-input":"required name=search_term_string"}],"inLanguage":"it-IT"},{"@type":"Organization","@id":"https:\/\/ventoleradelsur.com\/#organization","name":"Ventolera del Sur","url":"https:\/\/ventoleradelsur.com\/","logo":{"@type":"ImageObject","inLanguage":"it-IT","@id":"https:\/\/ventoleradelsur.com\/#\/schema\/logo\/image\/","url":"https:\/\/ventoleradelsur.com\/wp-content\/uploads\/2020\/07\/ventolera-del-sur-logo.png","contentUrl":"https:\/\/ventoleradelsur.com\/wp-content\/uploads\/2020\/07\/ventolera-del-sur-logo.png","width":600,"height":264,"caption":"Ventolera del Sur"},"image":{"@id":"https:\/\/ventoleradelsur.com\/#\/schema\/logo\/image\/"},"sameAs":["https:\/\/www.facebook.com\/FederacionVentoleradelSur","https:\/\/www.instagram.com\/federacionventoleradel\/"]}]}},"_links":{"self":[{"href":"https:\/\/ventoleradelsur.com\/it\/wp-json\/wp\/v2\/pages\/9082"}],"collection":[{"href":"https:\/\/ventoleradelsur.com\/it\/wp-json\/wp\/v2\/pages"}],"about":[{"href":"https:\/\/ventoleradelsur.com\/it\/wp-json\/wp\/v2\/types\/page"}],"author":[{"embeddable":true,"href":"https:\/\/ventoleradelsur.com\/it\/wp-json\/wp\/v2\/users\/1"}],"replies":[{"embeddable":true,"href":"https:\/\/ventoleradelsur.com\/it\/wp-json\/wp\/v2\/comments?post=9082"}],"version-history":[{"count":0,"href":"https:\/\/ventoleradelsur.com\/it\/wp-json\/wp\/v2\/pages\/9082\/revisions"}],"wp:attachment":[{"href":"https:\/\/ventoleradelsur.com\/it\/wp-json\/wp\/v2\/media?parent=9082"}],"curies":[{"name":"wp","href":"https:\/\/api.w.org\/{rel}","templated":true}]}}