{"id":6431,"date":"2022-02-22T17:05:20","date_gmt":"2022-02-22T17:05:20","guid":{"rendered":"https:\/\/ventoleradelsur.com\/?page_id=6431"},"modified":"2022-03-07T19:57:22","modified_gmt":"2022-03-07T19:57:22","slug":"sobre-nosotros","status":"publish","type":"page","link":"https:\/\/ventoleradelsur.com\/fr\/sobre-nosotros\/","title":{"rendered":"\u00c0 propos de nous"},"content":{"rendered":"<div data-elementor-type=\"wp-page\" data-elementor-id=\"6431\" class=\"elementor elementor-6431\">\n\t\t\t\t\t\t<section class=\"has_ma_el_bg_slider elementor-section elementor-top-section elementor-element elementor-element-abac718 elementor-section-boxed elementor-section-height-default elementor-section-height-default jltma-glass-effect-no\" data-id=\"abac718\" data-element_type=\"section\" data-settings=\"{&quot;jet_parallax_layout_list&quot;:[],&quot;_ha_eqh_enable&quot;:false}\">\n\t\t\t\t\t\t<div class=\"elementor-container elementor-column-gap-default\">\n\t\t\t\t\t<div class=\"has_ma_el_bg_slider elementor-column elementor-col-100 elementor-top-column elementor-element elementor-element-bf01f08 jltma-glass-effect-no\" data-id=\"bf01f08\" data-element_type=\"column\">\n\t\t\t<div class=\"elementor-widget-wrap elementor-element-populated\">\n\t\t\t\t\t\t<div class=\"elementor-element elementor-element-d3947fa elementor-headline--style-highlight jltma-glass-effect-no elementor-widget elementor-widget-animated-headline\" data-id=\"d3947fa\" data-element_type=\"widget\" data-settings=\"{&quot;marker&quot;:&quot;underline&quot;,&quot;highlighted_text&quot;:&quot;Federaci\\u00f3n Ventolera del Sur&quot;,&quot;headline_style&quot;:&quot;highlight&quot;,&quot;loop&quot;:&quot;yes&quot;,&quot;highlight_animation_duration&quot;:1200,&quot;highlight_iteration_delay&quot;:8000}\" data-widget_type=\"animated-headline.default\">\n\t\t\t\t<div class=\"elementor-widget-container\">\n\t\t\t<link rel=\"stylesheet\" href=\"https:\/\/ventoleradelsur.com\/wp-content\/plugins\/elementor-pro\/assets\/css\/widget-animated-headline.min.css\">\t\t<h3 class=\"elementor-headline\">\n\t\t\t\t<span class=\"elementor-headline-dynamic-wrapper elementor-headline-text-wrapper\">\n\t\t\t\t\t<span class=\"elementor-headline-dynamic-text elementor-headline-text-active\">F\u00e9d\u00e9ration de Ventolera du Sud<\/span>\n\t\t\t\t<\/span>\n\t\t\t\t<\/h3>\n\t\t\t\t<\/div>\n\t\t\t\t<\/div>\n\t\t\t\t<div class=\"elementor-element elementor-element-11fc6a0 jltma-glass-effect-no elementor-widget elementor-widget-text-editor\" data-id=\"11fc6a0\" data-element_type=\"widget\" data-widget_type=\"text-editor.default\">\n\t\t\t\t<div class=\"elementor-widget-container\">\n\t\t\t<style>\/*! elementor - v3.20.0 - 13-03-2024 *\/\n.elementor-widget-text-editor.elementor-drop-cap-view-stacked .elementor-drop-cap{background-color:#69727d;color:#fff}.elementor-widget-text-editor.elementor-drop-cap-view-framed .elementor-drop-cap{color:#69727d;border:3px solid;background-color:transparent}.elementor-widget-text-editor:not(.elementor-drop-cap-view-default) .elementor-drop-cap{margin-top:8px}.elementor-widget-text-editor:not(.elementor-drop-cap-view-default) .elementor-drop-cap-letter{width:1em;height:1em}.elementor-widget-text-editor .elementor-drop-cap{float:left;text-align:center;line-height:1;font-size:50px}.elementor-widget-text-editor .elementor-drop-cap-letter{display:inline-block}<\/style>\t\t\t\t<p>Le combat et la participation pour une transformation de notre monde est de plus en plus n\u00e9cessaire, avec une soci\u00e9t\u00e9, en crise \u00e9conomique, o\u00f9 la plupart des droits fondamentaux sont bafou\u00e9s et o\u00f9 l&#039;\u00eatre humain ne dispose pas de ce qui est n\u00e9cessaire pour une vie d\u00e9cente, un travail, un logement, sant\u00e9, \u00e9ducation et services sociaux, c&#039;est l\u00e0 que la vie organis\u00e9e prend tout son sens \u00e0 travers les diff\u00e9rentes associations afin de d\u00e9velopper une soci\u00e9t\u00e9 plus structur\u00e9e.<\/p><p>Notre engagement en tant que f\u00e9d\u00e9rateurs va dans le sens du multiculturalisme, puisque notre identit\u00e9 s&#039;est forg\u00e9e \u00e0 partir de nombreuses identit\u00e9s tout au long de notre histoire, en prot\u00e9geant nos traditions canariennes pour qu&#039;elles perdurent dans le temps, la lutte du f\u00e9minisme pour \u00e9radiquer la violence et parvenir \u00e0 une soci\u00e9t\u00e9 \u00e9galitaire et \u00e0 la prise de conscience des plus jeunes pour prot\u00e9ger notre environnement.<\/p><p>C&#039;est pour toutes ces raisons que la F\u00e9d\u00e9ration Ventolera continue d&#039;\u00eatre n\u00e9cessaire et entend servir de pont entre les associations et les institutions qui constituent la soci\u00e9t\u00e9 d&#039;aujourd&#039;hui.<\/p><p>Le si\u00e8ge de la F\u00e9d\u00e9ration est situ\u00e9 \u00e0 Vecindario, plus pr\u00e9cis\u00e9ment \u00e0 C\/Col\u00f3n, s\/n, module 1, local 7. Colectivos el Zaguan.<\/p><p>Vous pouvez contacter la f\u00e9d\u00e9ration par mail : <span style=\"color: #426b53;\">federacionventolera@gmail.com<\/span><\/p>\t\t\t\t\t\t<\/div>\n\t\t\t\t<\/div>\n\t\t\t\t<div class=\"elementor-element elementor-element-82c5d57 jltma-glass-effect-no elementor-widget elementor-widget-image\" data-id=\"82c5d57\" data-element_type=\"widget\" data-widget_type=\"image.default\">\n\t\t\t\t<div class=\"elementor-widget-container\">\n\t\t\t<style>\/*! elementor - v3.20.0 - 13-03-2024 *\/\n.elementor-widget-image{text-align:center}.elementor-widget-image a{display:inline-block}.elementor-widget-image a img[src$=\".svg\"]{width:48px}.elementor-widget-image img{vertical-align:middle;display:inline-block}<\/style>\t\t\t\t\t\t\t\t\t\t<img fetchpriority=\"high\" decoding=\"async\" width=\"1024\" height=\"426\" src=\"https:\/\/ventoleradelsur.com\/wp-content\/uploads\/2022\/02\/130967150_3489789297782943_5198278871584951967_n-1024x426.jpg\" class=\"attachment-large size-large wp-image-6433\" alt=\"\" srcset=\"https:\/\/ventoleradelsur.com\/wp-content\/uploads\/2022\/02\/130967150_3489789297782943_5198278871584951967_n-1024x426.jpg 1024w, https:\/\/ventoleradelsur.com\/wp-content\/uploads\/2022\/02\/130967150_3489789297782943_5198278871584951967_n-300x125.jpg 300w, https:\/\/ventoleradelsur.com\/wp-content\/uploads\/2022\/02\/130967150_3489789297782943_5198278871584951967_n-768x320.jpg 768w, https:\/\/ventoleradelsur.com\/wp-content\/uploads\/2022\/02\/130967150_3489789297782943_5198278871584951967_n-1536x639.jpg 1536w, https:\/\/ventoleradelsur.com\/wp-content\/uploads\/2022\/02\/130967150_3489789297782943_5198278871584951967_n-18x7.jpg 18w, https:\/\/ventoleradelsur.com\/wp-content\/uploads\/2022\/02\/130967150_3489789297782943_5198278871584951967_n-600x250.jpg 600w, https:\/\/ventoleradelsur.com\/wp-content\/uploads\/2022\/02\/130967150_3489789297782943_5198278871584951967_n-560x233.jpg 560w, https:\/\/ventoleradelsur.com\/wp-content\/uploads\/2022\/02\/130967150_3489789297782943_5198278871584951967_n.jpg 1538w\" sizes=\"(max-width: 1024px) 100vw, 1024px\" \/>\t\t\t\t\t\t\t\t\t\t\t\t\t<\/div>\n\t\t\t\t<\/div>\n\t\t\t\t\t<\/div>\n\t\t<\/div>\n\t\t\t\t\t<\/div>\n\t\t<\/section>\n\t\t\t\t<\/div>","protected":false},"excerpt":{"rendered":"<p>Federaci\u00f3n Ventolera del Sur La lucha y participaci\u00f3n por una transformaci\u00f3n de nuestro mundo es cada vez m\u00e1s necesaria, con una sociedad, en crisis econ\u00f3mica, donde la mayor\u00eda de los derechos fundamentales se vulneran y donde el ser humano no tiene los necesario para una vida digna, trabajo, vivienda, salud, educaci\u00f3n y servicios sociales, es [&hellip;]<\/p>","protected":false},"author":1,"featured_media":0,"parent":0,"menu_order":13,"comment_status":"closed","ping_status":"open","template":"elementor_theme","meta":{"footnotes":""},"yoast_head":"<!-- This site is optimized with the Yoast SEO Premium plugin v18.0 (Yoast SEO v22.2) - https:\/\/yoast.com\/wordpress\/plugins\/seo\/ -->\n<title>Sobre Nosotros - Federaci\u00f3n Ventolera del Sur<\/title>\n<meta name=\"robots\" content=\"index, follow, max-snippet:-1, max-image-preview:large, max-video-preview:-1\" \/>\n<link rel=\"canonical\" href=\"https:\/\/ventoleradelsur.com\/fr\/sobre-nosotros\/\" \/>\n<meta property=\"og:locale\" content=\"fr_FR\" \/>\n<meta property=\"og:type\" content=\"article\" \/>\n<meta property=\"og:title\" content=\"Sobre Nosotros\" \/>\n<meta property=\"og:description\" content=\"Federaci\u00f3n Ventolera del Sur La lucha y participaci\u00f3n por una transformaci\u00f3n de nuestro mundo es cada vez m\u00e1s necesaria, con una sociedad, en crisis econ\u00f3mica, donde la mayor\u00eda de los derechos fundamentales se vulneran y donde el ser humano no tiene los necesario para una vida digna, trabajo, vivienda, salud, educaci\u00f3n y servicios sociales, es [&hellip;]\" \/>\n<meta property=\"og:url\" content=\"https:\/\/ventoleradelsur.com\/fr\/sobre-nosotros\/\" \/>\n<meta property=\"og:site_name\" content=\"Federaci\u00f3n Ventolera del Sur\" \/>\n<meta property=\"article:publisher\" content=\"https:\/\/www.facebook.com\/FederacionVentoleradelSur\" \/>\n<meta property=\"article:modified_time\" content=\"2022-03-07T19:57:22+00:00\" \/>\n<meta property=\"og:image\" content=\"https:\/\/ventoleradelsur.com\/wp-content\/uploads\/2022\/02\/130967150_3489789297782943_5198278871584951967_n-1024x426.jpg\" \/>\n<meta name=\"twitter:card\" content=\"summary_large_image\" \/>\n<meta name=\"twitter:label1\" content=\"Dur\u00e9e de lecture estim\u00e9e\" \/>\n\t<meta name=\"twitter:data1\" content=\"2 minutes\" \/>\n<script type=\"application\/ld+json\" class=\"yoast-schema-graph\">{\"@context\":\"https:\/\/schema.org\",\"@graph\":[{\"@type\":\"WebPage\",\"@id\":\"https:\/\/ventoleradelsur.com\/sobre-nosotros\/\",\"url\":\"https:\/\/ventoleradelsur.com\/sobre-nosotros\/\",\"name\":\"Sobre Nosotros - Federaci\u00f3n Ventolera del Sur\",\"isPartOf\":{\"@id\":\"https:\/\/ventoleradelsur.com\/#website\"},\"primaryImageOfPage\":{\"@id\":\"https:\/\/ventoleradelsur.com\/sobre-nosotros\/#primaryimage\"},\"image\":{\"@id\":\"https:\/\/ventoleradelsur.com\/sobre-nosotros\/#primaryimage\"},\"thumbnailUrl\":\"https:\/\/ventoleradelsur.com\/wp-content\/uploads\/2022\/02\/130967150_3489789297782943_5198278871584951967_n-1024x426.jpg\",\"datePublished\":\"2022-02-22T17:05:20+00:00\",\"dateModified\":\"2022-03-07T19:57:22+00:00\",\"breadcrumb\":{\"@id\":\"https:\/\/ventoleradelsur.com\/sobre-nosotros\/#breadcrumb\"},\"inLanguage\":\"fr-FR\",\"potentialAction\":[{\"@type\":\"ReadAction\",\"target\":[\"https:\/\/ventoleradelsur.com\/sobre-nosotros\/\"]}]},{\"@type\":\"ImageObject\",\"inLanguage\":\"fr-FR\",\"@id\":\"https:\/\/ventoleradelsur.com\/sobre-nosotros\/#primaryimage\",\"url\":\"https:\/\/ventoleradelsur.com\/wp-content\/uploads\/2022\/02\/130967150_3489789297782943_5198278871584951967_n.jpg\",\"contentUrl\":\"https:\/\/ventoleradelsur.com\/wp-content\/uploads\/2022\/02\/130967150_3489789297782943_5198278871584951967_n.jpg\",\"width\":1538,\"height\":640},{\"@type\":\"BreadcrumbList\",\"@id\":\"https:\/\/ventoleradelsur.com\/sobre-nosotros\/#breadcrumb\",\"itemListElement\":[{\"@type\":\"ListItem\",\"position\":1,\"name\":\"Portada\",\"item\":\"https:\/\/ventoleradelsur.com\/\"},{\"@type\":\"ListItem\",\"position\":2,\"name\":\"Sobre Nosotros\"}]},{\"@type\":\"WebSite\",\"@id\":\"https:\/\/ventoleradelsur.com\/#website\",\"url\":\"https:\/\/ventoleradelsur.com\/\",\"name\":\"Federaci\u00f3n Ventolera del Sur\",\"description\":\"Federaci\u00f3n de Asociaciones Vecinales del municipio de Santa Luc\u00eda de Tirajana\",\"publisher\":{\"@id\":\"https:\/\/ventoleradelsur.com\/#organization\"},\"potentialAction\":[{\"@type\":\"SearchAction\",\"target\":{\"@type\":\"EntryPoint\",\"urlTemplate\":\"https:\/\/ventoleradelsur.com\/?s={search_term_string}\"},\"query-input\":\"required name=search_term_string\"}],\"inLanguage\":\"fr-FR\"},{\"@type\":\"Organization\",\"@id\":\"https:\/\/ventoleradelsur.com\/#organization\",\"name\":\"Ventolera del Sur\",\"url\":\"https:\/\/ventoleradelsur.com\/\",\"logo\":{\"@type\":\"ImageObject\",\"inLanguage\":\"fr-FR\",\"@id\":\"https:\/\/ventoleradelsur.com\/#\/schema\/logo\/image\/\",\"url\":\"https:\/\/ventoleradelsur.com\/wp-content\/uploads\/2020\/07\/ventolera-del-sur-logo.png\",\"contentUrl\":\"https:\/\/ventoleradelsur.com\/wp-content\/uploads\/2020\/07\/ventolera-del-sur-logo.png\",\"width\":600,\"height\":264,\"caption\":\"Ventolera del Sur\"},\"image\":{\"@id\":\"https:\/\/ventoleradelsur.com\/#\/schema\/logo\/image\/\"},\"sameAs\":[\"https:\/\/www.facebook.com\/FederacionVentoleradelSur\",\"https:\/\/www.instagram.com\/federacionventoleradel\/\"]}]}<\/script>\n<!-- \/ Yoast SEO Premium plugin. -->","yoast_head_json":{"title":"Sobre Nosotros - Federaci\u00f3n Ventolera del Sur","robots":{"index":"index","follow":"follow","max-snippet":"max-snippet:-1","max-image-preview":"max-image-preview:large","max-video-preview":"max-video-preview:-1"},"canonical":"https:\/\/ventoleradelsur.com\/fr\/sobre-nosotros\/","og_locale":"fr_FR","og_type":"article","og_title":"Sobre Nosotros","og_description":"Federaci\u00f3n Ventolera del Sur La lucha y participaci\u00f3n por una transformaci\u00f3n de nuestro mundo es cada vez m\u00e1s necesaria, con una sociedad, en crisis econ\u00f3mica, donde la mayor\u00eda de los derechos fundamentales se vulneran y donde el ser humano no tiene los necesario para una vida digna, trabajo, vivienda, salud, educaci\u00f3n y servicios sociales, es [&hellip;]","og_url":"https:\/\/ventoleradelsur.com\/fr\/sobre-nosotros\/","og_site_name":"Federaci\u00f3n Ventolera del Sur","article_publisher":"https:\/\/www.facebook.com\/FederacionVentoleradelSur","article_modified_time":"2022-03-07T19:57:22+00:00","og_image":[{"url":"https:\/\/ventoleradelsur.com\/wp-content\/uploads\/2022\/02\/130967150_3489789297782943_5198278871584951967_n-1024x426.jpg"}],"twitter_card":"summary_large_image","twitter_misc":{"Dur\u00e9e de lecture estim\u00e9e":"2 minutes"},"schema":{"@context":"https:\/\/schema.org","@graph":[{"@type":"WebPage","@id":"https:\/\/ventoleradelsur.com\/sobre-nosotros\/","url":"https:\/\/ventoleradelsur.com\/sobre-nosotros\/","name":"Sobre Nosotros - Federaci\u00f3n Ventolera del Sur","isPartOf":{"@id":"https:\/\/ventoleradelsur.com\/#website"},"primaryImageOfPage":{"@id":"https:\/\/ventoleradelsur.com\/sobre-nosotros\/#primaryimage"},"image":{"@id":"https:\/\/ventoleradelsur.com\/sobre-nosotros\/#primaryimage"},"thumbnailUrl":"https:\/\/ventoleradelsur.com\/wp-content\/uploads\/2022\/02\/130967150_3489789297782943_5198278871584951967_n-1024x426.jpg","datePublished":"2022-02-22T17:05:20+00:00","dateModified":"2022-03-07T19:57:22+00:00","breadcrumb":{"@id":"https:\/\/ventoleradelsur.com\/sobre-nosotros\/#breadcrumb"},"inLanguage":"fr-FR","potentialAction":[{"@type":"ReadAction","target":["https:\/\/ventoleradelsur.com\/sobre-nosotros\/"]}]},{"@type":"ImageObject","inLanguage":"fr-FR","@id":"https:\/\/ventoleradelsur.com\/sobre-nosotros\/#primaryimage","url":"https:\/\/ventoleradelsur.com\/wp-content\/uploads\/2022\/02\/130967150_3489789297782943_5198278871584951967_n.jpg","contentUrl":"https:\/\/ventoleradelsur.com\/wp-content\/uploads\/2022\/02\/130967150_3489789297782943_5198278871584951967_n.jpg","width":1538,"height":640},{"@type":"BreadcrumbList","@id":"https:\/\/ventoleradelsur.com\/sobre-nosotros\/#breadcrumb","itemListElement":[{"@type":"ListItem","position":1,"name":"Portada","item":"https:\/\/ventoleradelsur.com\/"},{"@type":"ListItem","position":2,"name":"Sobre Nosotros"}]},{"@type":"WebSite","@id":"https:\/\/ventoleradelsur.com\/#website","url":"https:\/\/ventoleradelsur.com\/","name":"Federaci\u00f3n Ventolera del Sur","description":"Federaci\u00f3n de Asociaciones Vecinales del municipio de Santa Luc\u00eda de Tirajana","publisher":{"@id":"https:\/\/ventoleradelsur.com\/#organization"},"potentialAction":[{"@type":"SearchAction","target":{"@type":"EntryPoint","urlTemplate":"https:\/\/ventoleradelsur.com\/?s={search_term_string}"},"query-input":"required name=search_term_string"}],"inLanguage":"fr-FR"},{"@type":"Organization","@id":"https:\/\/ventoleradelsur.com\/#organization","name":"Ventolera del Sur","url":"https:\/\/ventoleradelsur.com\/","logo":{"@type":"ImageObject","inLanguage":"fr-FR","@id":"https:\/\/ventoleradelsur.com\/#\/schema\/logo\/image\/","url":"https:\/\/ventoleradelsur.com\/wp-content\/uploads\/2020\/07\/ventolera-del-sur-logo.png","contentUrl":"https:\/\/ventoleradelsur.com\/wp-content\/uploads\/2020\/07\/ventolera-del-sur-logo.png","width":600,"height":264,"caption":"Ventolera del Sur"},"image":{"@id":"https:\/\/ventoleradelsur.com\/#\/schema\/logo\/image\/"},"sameAs":["https:\/\/www.facebook.com\/FederacionVentoleradelSur","https:\/\/www.instagram.com\/federacionventoleradel\/"]}]}},"_links":{"self":[{"href":"https:\/\/ventoleradelsur.com\/fr\/wp-json\/wp\/v2\/pages\/6431"}],"collection":[{"href":"https:\/\/ventoleradelsur.com\/fr\/wp-json\/wp\/v2\/pages"}],"about":[{"href":"https:\/\/ventoleradelsur.com\/fr\/wp-json\/wp\/v2\/types\/page"}],"author":[{"embeddable":true,"href":"https:\/\/ventoleradelsur.com\/fr\/wp-json\/wp\/v2\/users\/1"}],"replies":[{"embeddable":true,"href":"https:\/\/ventoleradelsur.com\/fr\/wp-json\/wp\/v2\/comments?post=6431"}],"version-history":[{"count":0,"href":"https:\/\/ventoleradelsur.com\/fr\/wp-json\/wp\/v2\/pages\/6431\/revisions"}],"wp:attachment":[{"href":"https:\/\/ventoleradelsur.com\/fr\/wp-json\/wp\/v2\/media?parent=6431"}],"curies":[{"name":"wp","href":"https:\/\/api.w.org\/{rel}","templated":true}]}}