{"id":9082,"date":"2022-05-06T14:45:18","date_gmt":"2022-05-06T14:45:18","guid":{"rendered":"https:\/\/ventoleradelsur.com\/?page_id=9082"},"modified":"2022-05-06T14:46:06","modified_gmt":"2022-05-06T14:46:06","slug":"aviso-legal","status":"publish","type":"page","link":"https:\/\/ventoleradelsur.com\/de\/aviso-legal\/","title":{"rendered":"Rechtlicher Hinweis"},"content":{"rendered":"<p>Bitte lesen Sie alle Abschnitte dieser rechtlichen Hinweise und unsere Datenschutzerkl\u00e4rung, bevor Sie diese Website nutzen. Die nachfolgenden Bedingungen sind f\u00fcr jeden Nutzer derselben bindend.<\/p>\n<p>In \u00dcbereinstimmung mit der Informationspflicht, die im Gesetz 34\/2002 \u00fcber Dienste der Informationsgesellschaft und des elektronischen Handels (LSSI-CE) vom 11. Juli vorgesehen ist, werden die folgenden allgemeinen Informationsdaten dieser Website unten bereitgestellt.<\/p>\n<p>Der Zweck dieses Textes besteht darin, die Funktionalit\u00e4ten dieser Website ausf\u00fchrlich zu erl\u00e4utern und Ihnen alle Informationen \u00fcber den Verantwortlichen und den Zweck der darin enthaltenen Inhalte bereitzustellen.<\/p>\n<p><strong>IDENTIFIKATIONSDATEN<\/strong><\/p>\n<p>Diese rechtlichen Hinweise und Datenschutzrichtlinien regeln die Nutzung des Dienstes Internet PORTAL, Federation of Ventolera del Sur Neighborhood Associations, und informieren Sie in \u00dcbereinstimmung mit dem Gesetz 34\/2002 vom 11. Juli \u00fcber Dienste der Informationsgesellschaft und des elektronischen Handels \u00fcber Folgendes:<\/p>\n<ul>\n<li>Firmenname der verantwortlichen Person: F\u00f6deration der Nachbarschaftsvereine Ventolera del Sur<\/li>\n<li>CIF: G-35412121 und Adresse C\/COLON ESQ. FREUNDLICHE INSEL. GEB\u00c4UDE DER FLUR LOC. 7, MOD. 1, 35110, Nachbarschaft, Las Palmas.<\/li>\n<li>Sie k\u00f6nnen uns in den verschiedenen Bereichen kontaktieren, die im Abschnitt \u201eKontakt\u201c angegeben oder in jedem Abschnitt unseres Portals angegeben sind.<\/li>\n<\/ul>\n<p><strong>I.- ALLGEMEINE NUTZUNGSBEDINGUNGEN DES PORTALS<\/strong><\/p>\n<p>Wir bitten Sie, die Bedingungen und Ratschl\u00e4ge f\u00fcr den Zugriff auf diese Adresse und alle darin eingef\u00fcgten Seiten oder Links sorgf\u00e4ltig zu lesen. Im Falle des Zugriffs erkl\u00e4ren Sie sich damit einverstanden, die unten aufgef\u00fchrten Bedingungen einzuhalten.<\/p>\n<p>Die F\u00f6deration der Nachbarschaftsvereine Ventolera del Sur beh\u00e4lt sich das Recht vor, die Konfiguration dieser Seite oder der darin angebotenen Dienste jederzeit und ohne vorherige Ank\u00fcndigung einseitig zu \u00e4ndern. Wenn Sie mit den folgenden Bedingungen nicht einverstanden sind, greifen Sie bitte nicht auf diese Adresse oder eine Seite zu oder verlinken Sie darauf.<\/p>\n<p><strong>II.- URHEBERRECHT<\/strong><\/p>\n<p>Die Logos der F\u00f6deration der Nachbarschaftsvereine von Ventolera del Sur sind eingetragene und identifizierende Warenzeichen der angebotenen Dienstleistungen. Ebenso kann die F\u00f6deration der Nachbarschaftsvereine von Ventolera del Sur Markenrechte und identifizierende Dienstleistungsmarken f\u00fcr die Marken beanspruchen, die zu ihrer Gruppe geh\u00f6ren und auf der Website erscheinen.<\/p>\n<p><strong>III.- EINGETRAGENE WARENZEICHEN<\/strong><\/p>\n<p>Die geistigen Eigentumsrechte dieser Seiten, der Bildschirme, auf denen diese Seiten angezeigt werden, und der darin enthaltenen Informationen und Materialien sowie deren Anordnung geh\u00f6ren der F\u00f6deration der Nachbarschaftsvereine von Ventolera del Sur, sofern nicht anders angegeben.<\/p>\n<p><strong>IV.- NUTZUNGSBEDINGUNGEN DER WEBSITE<\/strong><\/p>\n<p>Der Inhalt dieser Website ist durch Gesetze zum Schutz geistigen Eigentums gesch\u00fctzt. Diese Inhalte sind vom Nutzer korrekt und rechtm\u00e4\u00dfig zu verwenden und insbesondere verpflichtet, diese Inhalte gewissenhaft, korrekt und rechtm\u00e4\u00dfig zu nutzen.<\/p>\n<p>Die Inhalte d\u00fcrfen nicht gegen das Gesetz, die guten Sitten oder die guten Sitten der \u00f6ffentlichen Ordnung verwendet werden.<\/p>\n<p>Die \u00dcbermittlung jeglicher Art von Daten, die Sie an diese Website oder an andere, die der F\u00f6deration der Nachbarschaftsvereine von Ventolera del Sur angeh\u00f6ren, deren Links Sie auf dieser Seite finden, die die Eigentumsrechte Dritter verletzen, ist untersagt , pornografisches, diffamierendes, bedrohliches Material oder Material, das nach dem geltenden Strafgesetzbuch als Verbrechen oder Vergehen angesehen werden k\u00f6nnte.<\/p>\n<p>Das Reproduzieren, Kopieren, Verteilen, Umwandeln oder Modifizieren von Inhalten (Texte, Bilder, Stimmen oder Struktur) ist ohne ausdr\u00fcckliche schriftliche Genehmigung des Inhabers der erworbenen Rechte untersagt.<\/p>\n<p><strong>V.- HAFTUNG F\u00dcR SCH\u00c4DEN<\/strong><\/p>\n<p>Der Benutzer der Website der F\u00f6deration der Nachbarschaftsvereine von Ventolera del Sur oder einer der Websites von verbundenen Unternehmen ist f\u00fcr die Sch\u00e4den verantwortlich, die Web Specialists direkt oder indirekt als Folge der Verletzung einer der abgeleiteten Verpflichtungen erleiden k\u00f6nnen in diesem Impressum festgelegt.<\/p>\n<p><strong>VI.- HAFTUNGSBESCHR\u00c4NKUNG<\/strong><\/p>\n<p>In keinem Fall haften die F\u00f6deration der Nachbarschaftsverb\u00e4nde von Ventolera del Sur oder ihre Tochtergesellschaften f\u00fcr Sch\u00e4den, einschlie\u00dflich, aber nicht beschr\u00e4nkt auf direkte, indirekte, inh\u00e4rente oder Folgesch\u00e4den, Verluste oder Kosten, die im Zusammenhang mit der Nutzung dieser Website oder von die hier gesammelten Links zu anderen Seiten.<\/p>\n<p>In jedem Fall wird die F\u00f6deration der Nachbarschaftsvereine von Ventolera del Sur, wenn dies per Gerichtsbeschluss erforderlich ist, mit den zust\u00e4ndigen Beh\u00f6rden zusammenarbeiten, um die Personen zu identifizieren, die f\u00fcr Inhalte verantwortlich sind, die m\u00f6glicherweise gegen das Gesetz versto\u00dfen.<\/p>\n<p>Ebenso lehnen die F\u00f6deration der Nachbarschaftsverb\u00e4nde von Ventolera del Sur und damit ihre Tochtergesellschaften jede Verantwortung im Falle von Leistungsst\u00f6rungen, Fehlern, Auslassungen, Unterbrechungen, M\u00e4ngeln oder Verz\u00f6gerungen im \u00dcbertragungsvorgang, Computerviren, System- oder Leitungsfehlern, sowie in Inhalt, Genauigkeit und Meinungs\u00e4u\u00dferungen und anderen Verbindungen, die durch diese Mittel bereitgestellt werden.<\/p>\n<p>Die Website der F\u00f6deration der Nachbarschaftsvereine von Ventolera del Sur ist mit bestimmten Links zu anderen Webseiten verbunden, die Dritten geh\u00f6ren, \u00fcber die die F\u00f6deration der Nachbarschaftsvereine von Ventolera del Sur keine Kontrolle hat. In diesen F\u00e4llen \u00fcbernimmt der Verband der Nachbarschaftsvereine Ventolera del Sur keine Verantwortung oder Verpflichtung f\u00fcr die auf diesen Seiten enthaltenen Informationen.<\/p>","protected":false},"excerpt":{"rendered":"<p>Por favor, lea todos los apartados del presente aviso legal y nuestra pol\u00edtica de privacidad antes de utilizar este sitio web. Las siguientes condiciones son vinculantes para cualquier usuario del mismo. En cumplimiento con el deber de informaci\u00f3n dispuesto en la Ley 34\/2002 de Servicios de la Sociedad de la Informaci\u00f3n y el Comercio Electr\u00f3nico [&hellip;]<\/p>","protected":false},"author":1,"featured_media":0,"parent":0,"menu_order":0,"comment_status":"closed","ping_status":"closed","template":"","meta":{"footnotes":""},"yoast_head":"<!-- This site is optimized with the Yoast SEO Premium plugin v18.0 (Yoast SEO v22.2) - https:\/\/yoast.com\/wordpress\/plugins\/seo\/ -->\n<title>Aviso legal - Federaci\u00f3n Ventolera del Sur<\/title>\n<meta name=\"robots\" content=\"index, follow, max-snippet:-1, max-image-preview:large, max-video-preview:-1\" \/>\n<link rel=\"canonical\" href=\"https:\/\/ventoleradelsur.com\/de\/aviso-legal\/\" \/>\n<meta property=\"og:locale\" content=\"de_DE\" \/>\n<meta property=\"og:type\" content=\"article\" \/>\n<meta property=\"og:title\" content=\"Aviso legal\" \/>\n<meta property=\"og:description\" content=\"Por favor, lea todos los apartados del presente aviso legal y nuestra pol\u00edtica de privacidad antes de utilizar este sitio web. Las siguientes condiciones son vinculantes para cualquier usuario del mismo. En cumplimiento con el deber de informaci\u00f3n dispuesto en la Ley 34\/2002 de Servicios de la Sociedad de la Informaci\u00f3n y el Comercio Electr\u00f3nico [&hellip;]\" \/>\n<meta property=\"og:url\" content=\"https:\/\/ventoleradelsur.com\/de\/aviso-legal\/\" \/>\n<meta property=\"og:site_name\" content=\"Federaci\u00f3n Ventolera del Sur\" \/>\n<meta property=\"article:publisher\" content=\"https:\/\/www.facebook.com\/FederacionVentoleradelSur\" \/>\n<meta property=\"article:modified_time\" content=\"2022-05-06T14:46:06+00:00\" \/>\n<meta property=\"og:image\" content=\"https:\/\/ventoleradelsur.com\/wp-content\/uploads\/2022\/03\/Slider-Ventolera-Redes.jpg\" \/>\n\t<meta property=\"og:image:width\" content=\"1200\" \/>\n\t<meta property=\"og:image:height\" content=\"453\" \/>\n\t<meta property=\"og:image:type\" content=\"image\/jpeg\" \/>\n<meta name=\"twitter:card\" content=\"summary_large_image\" \/>\n<meta name=\"twitter:label1\" content=\"Gesch\u00e4tzte Lesezeit\" \/>\n\t<meta name=\"twitter:data1\" content=\"5 Minuten\" \/>\n<script type=\"application\/ld+json\" class=\"yoast-schema-graph\">{\"@context\":\"https:\/\/schema.org\",\"@graph\":[{\"@type\":\"WebPage\",\"@id\":\"https:\/\/ventoleradelsur.com\/aviso-legal\/\",\"url\":\"https:\/\/ventoleradelsur.com\/aviso-legal\/\",\"name\":\"Aviso legal - Federaci\u00f3n Ventolera del Sur\",\"isPartOf\":{\"@id\":\"https:\/\/ventoleradelsur.com\/#website\"},\"datePublished\":\"2022-05-06T14:45:18+00:00\",\"dateModified\":\"2022-05-06T14:46:06+00:00\",\"breadcrumb\":{\"@id\":\"https:\/\/ventoleradelsur.com\/aviso-legal\/#breadcrumb\"},\"inLanguage\":\"de-DE\",\"potentialAction\":[{\"@type\":\"ReadAction\",\"target\":[\"https:\/\/ventoleradelsur.com\/aviso-legal\/\"]}]},{\"@type\":\"BreadcrumbList\",\"@id\":\"https:\/\/ventoleradelsur.com\/aviso-legal\/#breadcrumb\",\"itemListElement\":[{\"@type\":\"ListItem\",\"position\":1,\"name\":\"Portada\",\"item\":\"https:\/\/ventoleradelsur.com\/\"},{\"@type\":\"ListItem\",\"position\":2,\"name\":\"Aviso legal\"}]},{\"@type\":\"WebSite\",\"@id\":\"https:\/\/ventoleradelsur.com\/#website\",\"url\":\"https:\/\/ventoleradelsur.com\/\",\"name\":\"Federaci\u00f3n Ventolera del Sur\",\"description\":\"Federaci\u00f3n de Asociaciones Vecinales del municipio de Santa Luc\u00eda de Tirajana\",\"publisher\":{\"@id\":\"https:\/\/ventoleradelsur.com\/#organization\"},\"potentialAction\":[{\"@type\":\"SearchAction\",\"target\":{\"@type\":\"EntryPoint\",\"urlTemplate\":\"https:\/\/ventoleradelsur.com\/?s={search_term_string}\"},\"query-input\":\"required name=search_term_string\"}],\"inLanguage\":\"de-DE\"},{\"@type\":\"Organization\",\"@id\":\"https:\/\/ventoleradelsur.com\/#organization\",\"name\":\"Ventolera del Sur\",\"url\":\"https:\/\/ventoleradelsur.com\/\",\"logo\":{\"@type\":\"ImageObject\",\"inLanguage\":\"de-DE\",\"@id\":\"https:\/\/ventoleradelsur.com\/#\/schema\/logo\/image\/\",\"url\":\"https:\/\/ventoleradelsur.com\/wp-content\/uploads\/2020\/07\/ventolera-del-sur-logo.png\",\"contentUrl\":\"https:\/\/ventoleradelsur.com\/wp-content\/uploads\/2020\/07\/ventolera-del-sur-logo.png\",\"width\":600,\"height\":264,\"caption\":\"Ventolera del Sur\"},\"image\":{\"@id\":\"https:\/\/ventoleradelsur.com\/#\/schema\/logo\/image\/\"},\"sameAs\":[\"https:\/\/www.facebook.com\/FederacionVentoleradelSur\",\"https:\/\/www.instagram.com\/federacionventoleradel\/\"]}]}<\/script>\n<!-- \/ Yoast SEO Premium plugin. -->","yoast_head_json":{"title":"Aviso legal - Federaci\u00f3n Ventolera del Sur","robots":{"index":"index","follow":"follow","max-snippet":"max-snippet:-1","max-image-preview":"max-image-preview:large","max-video-preview":"max-video-preview:-1"},"canonical":"https:\/\/ventoleradelsur.com\/de\/aviso-legal\/","og_locale":"de_DE","og_type":"article","og_title":"Aviso legal","og_description":"Por favor, lea todos los apartados del presente aviso legal y nuestra pol\u00edtica de privacidad antes de utilizar este sitio web. Las siguientes condiciones son vinculantes para cualquier usuario del mismo. En cumplimiento con el deber de informaci\u00f3n dispuesto en la Ley 34\/2002 de Servicios de la Sociedad de la Informaci\u00f3n y el Comercio Electr\u00f3nico [&hellip;]","og_url":"https:\/\/ventoleradelsur.com\/de\/aviso-legal\/","og_site_name":"Federaci\u00f3n Ventolera del Sur","article_publisher":"https:\/\/www.facebook.com\/FederacionVentoleradelSur","article_modified_time":"2022-05-06T14:46:06+00:00","og_image":[{"width":1200,"height":453,"url":"https:\/\/ventoleradelsur.com\/wp-content\/uploads\/2022\/03\/Slider-Ventolera-Redes.jpg","type":"image\/jpeg"}],"twitter_card":"summary_large_image","twitter_misc":{"Gesch\u00e4tzte Lesezeit":"5 Minuten"},"schema":{"@context":"https:\/\/schema.org","@graph":[{"@type":"WebPage","@id":"https:\/\/ventoleradelsur.com\/aviso-legal\/","url":"https:\/\/ventoleradelsur.com\/aviso-legal\/","name":"Aviso legal - Federaci\u00f3n Ventolera del Sur","isPartOf":{"@id":"https:\/\/ventoleradelsur.com\/#website"},"datePublished":"2022-05-06T14:45:18+00:00","dateModified":"2022-05-06T14:46:06+00:00","breadcrumb":{"@id":"https:\/\/ventoleradelsur.com\/aviso-legal\/#breadcrumb"},"inLanguage":"de-DE","potentialAction":[{"@type":"ReadAction","target":["https:\/\/ventoleradelsur.com\/aviso-legal\/"]}]},{"@type":"BreadcrumbList","@id":"https:\/\/ventoleradelsur.com\/aviso-legal\/#breadcrumb","itemListElement":[{"@type":"ListItem","position":1,"name":"Portada","item":"https:\/\/ventoleradelsur.com\/"},{"@type":"ListItem","position":2,"name":"Aviso legal"}]},{"@type":"WebSite","@id":"https:\/\/ventoleradelsur.com\/#website","url":"https:\/\/ventoleradelsur.com\/","name":"Federaci\u00f3n Ventolera del Sur","description":"Federaci\u00f3n de Asociaciones Vecinales del municipio de Santa Luc\u00eda de Tirajana","publisher":{"@id":"https:\/\/ventoleradelsur.com\/#organization"},"potentialAction":[{"@type":"SearchAction","target":{"@type":"EntryPoint","urlTemplate":"https:\/\/ventoleradelsur.com\/?s={search_term_string}"},"query-input":"required name=search_term_string"}],"inLanguage":"de-DE"},{"@type":"Organization","@id":"https:\/\/ventoleradelsur.com\/#organization","name":"Ventolera del Sur","url":"https:\/\/ventoleradelsur.com\/","logo":{"@type":"ImageObject","inLanguage":"de-DE","@id":"https:\/\/ventoleradelsur.com\/#\/schema\/logo\/image\/","url":"https:\/\/ventoleradelsur.com\/wp-content\/uploads\/2020\/07\/ventolera-del-sur-logo.png","contentUrl":"https:\/\/ventoleradelsur.com\/wp-content\/uploads\/2020\/07\/ventolera-del-sur-logo.png","width":600,"height":264,"caption":"Ventolera del Sur"},"image":{"@id":"https:\/\/ventoleradelsur.com\/#\/schema\/logo\/image\/"},"sameAs":["https:\/\/www.facebook.com\/FederacionVentoleradelSur","https:\/\/www.instagram.com\/federacionventoleradel\/"]}]}},"_links":{"self":[{"href":"https:\/\/ventoleradelsur.com\/de\/wp-json\/wp\/v2\/pages\/9082"}],"collection":[{"href":"https:\/\/ventoleradelsur.com\/de\/wp-json\/wp\/v2\/pages"}],"about":[{"href":"https:\/\/ventoleradelsur.com\/de\/wp-json\/wp\/v2\/types\/page"}],"author":[{"embeddable":true,"href":"https:\/\/ventoleradelsur.com\/de\/wp-json\/wp\/v2\/users\/1"}],"replies":[{"embeddable":true,"href":"https:\/\/ventoleradelsur.com\/de\/wp-json\/wp\/v2\/comments?post=9082"}],"version-history":[{"count":0,"href":"https:\/\/ventoleradelsur.com\/de\/wp-json\/wp\/v2\/pages\/9082\/revisions"}],"wp:attachment":[{"href":"https:\/\/ventoleradelsur.com\/de\/wp-json\/wp\/v2\/media?parent=9082"}],"curies":[{"name":"wp","href":"https:\/\/api.w.org\/{rel}","templated":true}]}}