{"id":8604,"date":"2022-03-18T13:44:09","date_gmt":"2022-03-18T13:44:09","guid":{"rendered":"https:\/\/ventoleradelsur.com\/?page_id=8604"},"modified":"2022-03-18T13:50:36","modified_gmt":"2022-03-18T13:50:36","slug":"politica-de-privacidad","status":"publish","type":"page","link":"https:\/\/ventoleradelsur.com\/de\/politica-de-privacidad\/","title":{"rendered":"Datenschutz-Bestimmungen"},"content":{"rendered":"<div data-elementor-type=\"wp-page\" data-elementor-id=\"8604\" class=\"elementor elementor-8604\">\n\t\t\t\t\t\t<section class=\"has_ma_el_bg_slider elementor-section elementor-top-section elementor-element elementor-element-5395eac6 elementor-section-boxed elementor-section-height-default elementor-section-height-default jltma-glass-effect-no\" data-id=\"5395eac6\" data-element_type=\"section\" data-settings=\"{&quot;jet_parallax_layout_list&quot;:[],&quot;_ha_eqh_enable&quot;:false}\">\n\t\t\t\t\t\t<div class=\"elementor-container elementor-column-gap-default\">\n\t\t\t\t\t<div class=\"has_ma_el_bg_slider elementor-column elementor-col-100 elementor-top-column elementor-element elementor-element-21a32cdf jltma-glass-effect-no\" data-id=\"21a32cdf\" data-element_type=\"column\">\n\t\t\t<div class=\"elementor-widget-wrap elementor-element-populated\">\n\t\t\t\t\t\t<div class=\"elementor-element elementor-element-674290bb jltma-glass-effect-no elementor-widget elementor-widget-text-editor\" data-id=\"674290bb\" data-element_type=\"widget\" data-widget_type=\"text-editor.default\">\n\t\t\t\t<div class=\"elementor-widget-container\">\n\t\t\t<style>\/*! elementor - v3.20.0 - 13-03-2024 *\/\n.elementor-widget-text-editor.elementor-drop-cap-view-stacked .elementor-drop-cap{background-color:#69727d;color:#fff}.elementor-widget-text-editor.elementor-drop-cap-view-framed .elementor-drop-cap{color:#69727d;border:3px solid;background-color:transparent}.elementor-widget-text-editor:not(.elementor-drop-cap-view-default) .elementor-drop-cap{margin-top:8px}.elementor-widget-text-editor:not(.elementor-drop-cap-view-default) .elementor-drop-cap-letter{width:1em;height:1em}.elementor-widget-text-editor .elementor-drop-cap{float:left;text-align:center;line-height:1;font-size:50px}.elementor-widget-text-editor .elementor-drop-cap-letter{display:inline-block}<\/style>\t\t\t\t<p>Diese Datenschutzrichtlinie legt die Bedingungen fest, unter denen die South Ventolera Federation die Informationen verwendet und sch\u00fctzt, die von ihren Benutzern bei der Nutzung ihrer Website bereitgestellt werden. Dieser Verband setzt sich f\u00fcr die Sicherheit der Daten seiner Nutzer ein. Wenn wir Sie bitten, die Felder mit personenbezogenen Daten auszuf\u00fcllen, mit denen Sie identifiziert werden k\u00f6nnen, tun wir dies, indem wir sicherstellen, dass diese nur in \u00dcbereinstimmung mit den Bedingungen dieses Dokuments verwendet werden. Diese Datenschutzrichtlinie kann sich jedoch im Laufe der Zeit \u00e4ndern oder aktualisiert werden, daher empfehlen und betonen wir, dass Sie diese Seite st\u00e4ndig \u00fcberpr\u00fcfen, um sicherzustellen, dass Sie mit solchen \u00c4nderungen einverstanden sind.<\/p><p><strong>Informationen, die gesammelt werden<\/strong><\/p><p>Unsere Website kann personenbezogene Daten erfassen wie: Name, Kontaktinformationen wie Ihre E-Mail-Adresse und demografische Informationen. Ebenso k\u00f6nnen bei Bedarf bestimmte Informationen erforderlich sein, um eine Bestellung zu bearbeiten oder eine Lieferung oder Abrechnung vorzunehmen.<\/p><p><strong>Verwendung der gesammelten Informationen<\/strong><\/p><p>Unsere Website verwendet die Informationen, um den bestm\u00f6glichen Service zu bieten, insbesondere um Benutzer und ggf. Bestellungen aufzuzeichnen und unsere Produkte und Dienstleistungen zu verbessern. Es ist m\u00f6glich, dass \u00fcber unsere Website regelm\u00e4\u00dfig E-Mails mit Sonderangeboten, neuen Produkten und anderen Werbeinformationen gesendet werden, die wir f\u00fcr Sie als relevant erachten oder die Ihnen Vorteile bieten k\u00f6nnten. Diese E-Mails werden an die von Ihnen angegebene Adresse gesendet und k\u00f6nnen gel\u00f6scht werden .. Jederzeit.<\/p><p>Federaci\u00f3n Ventolera del Sur engagiert sich sehr daf\u00fcr, die Verpflichtung zur sicheren Aufbewahrung Ihrer Daten zu erf\u00fcllen. Wir verwenden die fortschrittlichsten Systeme und aktualisieren sie st\u00e4ndig, um sicherzustellen, dass kein unbefugter Zugriff erfolgt.<\/p><p><strong>Kekse<\/strong><\/p><p>Ein Cookie bezieht sich auf eine Datei, die mit dem Zweck gesendet wird, die Erlaubnis anzufordern, auf Ihrem Computer gespeichert zu werden, durch Akzeptieren dieser Datei wird sie erstellt und das Cookie dient dann dazu, Informationen \u00fcber den Webverkehr zu erhalten, und erleichtert auch zuk\u00fcnftige Besuche auf einer Website. wiederkehrend. Eine weitere Funktion von Cookies besteht darin, dass die Websites Sie mit ihnen individuell erkennen und Ihnen daher den besten personalisierten Service auf ihrer Website bieten k\u00f6nnen.<\/p><p>Unsere Website verwendet Cookies, um die besuchten Seiten und deren H\u00e4ufigkeit erkennen zu k\u00f6nnen. Diese Informationen werden ausschlie\u00dflich f\u00fcr statistische Auswertungen verwendet und anschlie\u00dfend endg\u00fcltig gel\u00f6scht. Sie k\u00f6nnen Cookies jederzeit von Ihrem Computer l\u00f6schen. Cookies helfen jedoch, einen besseren Service auf Websites bereitzustellen, sie geben keinen Zugriff auf Informationen von Ihrem Computer oder von Ihnen, es sei denn, Sie m\u00f6chten dies und stellen es direkt bereit, wenn Sie eine Website besuchen. Sie k\u00f6nnen die Verwendung von Cookies akzeptieren oder ablehnen, die meisten Browser akzeptieren Cookies jedoch automatisch, da dies einem besseren Webservice dient. Sie k\u00f6nnen auch Ihre Computereinstellungen \u00e4ndern, um Cookies abzulehnen. Wenn sie abgelehnt werden, k\u00f6nnen Sie einige unserer Dienste m\u00f6glicherweise nicht nutzen.<\/p><p><strong>Links von Drittanbietern<\/strong><\/p><p>Diese Website kann Links zu anderen Websites enthalten, die f\u00fcr Sie von Interesse sein k\u00f6nnten. Sobald Sie auf diese Links klicken und unsere Seite verlassen, haben wir keine Kontrolle mehr \u00fcber die Website, zu der Sie weitergeleitet werden, und sind daher nicht verantwortlich f\u00fcr die Bedingungen oder den Datenschutz oder den Schutz Ihrer Daten auf diesen anderen Websites Dritter. Diese Websites unterliegen ihren eigenen Datenschutzrichtlinien, daher wird empfohlen, dass Sie sie konsultieren, um zu best\u00e4tigen, dass Sie ihnen zustimmen.<\/p><p><strong>Kontrolle Ihrer pers\u00f6nlichen Daten<\/strong><\/p><p>Sie k\u00f6nnen die Erhebung oder Verwendung personenbezogener Daten, die unserer Website zur Verf\u00fcgung gestellt werden, jederzeit einschr\u00e4nken. Jedes Mal, wenn Sie aufgefordert werden, ein Formular auszuf\u00fcllen, z. B. das Benutzerregistrierungsformular, k\u00f6nnen Sie die Option zum Erhalt von Informationen per E-Mail aktivieren oder deaktivieren. Wenn Sie die Option markiert haben, unseren Newsletter oder Werbung zu erhalten, k\u00f6nnen Sie diese jederzeit k\u00fcndigen.<\/p><p>Dieser Verband wird ohne Ihre Zustimmung keine personenbezogenen Daten verkaufen, abtreten oder verteilen, es sei denn, dies wird von einem Richter mit Gerichtsbeschluss verlangt.<\/p><p>Federaci\u00f3n Ventolera del Sur beh\u00e4lt sich das Recht vor, die Bedingungen dieser Datenschutzrichtlinie jederzeit zu \u00e4ndern.<\/p><p><strong>Bemerkungen<\/strong><\/p><p>Wenn Besucher Kommentare auf der Website hinterlassen, erfassen wir die im Kommentarformular angezeigten Daten sowie die IP-Adresse des Besuchers und die Zeichenfolge des Browser-Benutzeragenten, um die Spam-Erkennung zu unterst\u00fctzen.<\/p><p>Eine aus Ihrer E-Mail-Adresse erstellte anonyme Zeichenfolge (auch als Hash bezeichnet) kann dem Gravatar-Dienst zur Verf\u00fcgung gestellt werden, um festzustellen, ob Sie sie verwenden. Die Datenschutzerkl\u00e4rung f\u00fcr den Dienst Gravatar finden Sie hier: https:\/\/automattic.com\/privacy\/. Nach Freigabe Ihres Kommentars ist Ihr Profilbild im Kontext Ihres Kommentars \u00f6ffentlich sichtbar.<\/p><p><strong>Medien<\/strong><\/p><p>Wenn Sie Bilder ins Internet hochladen, sollten Sie vermeiden, Bilder mit enthaltenen Standortdaten (EXIF GPS) hochzuladen. Website-Besucher k\u00f6nnen beliebige Standortdaten aus Bildern auf der Website herunterladen und extrahieren.<\/p><p><strong>Kontaktformulare<\/strong><\/p><p>Wenn Sie einen Kommentar auf unserer Website hinterlassen, k\u00f6nnen Sie Ihren Namen, Ihre E-Mail-Adresse und Ihre Website in Cookies speichern. Dies dient Ihrer Bequemlichkeit, damit Sie Ihre Daten nicht erneut eingeben m\u00fcssen, wenn Sie einen weiteren Kommentar hinterlassen. Diese Cookies halten ein Jahr lang.<\/p><p>Wenn Sie ein Konto haben und sich mit dieser Website verbinden, setzen wir ein tempor\u00e4res Cookie, um festzustellen, ob Ihr Browser Cookies akzeptiert. Dieses Cookie enth\u00e4lt keine personenbezogenen Daten und wird beim Schlie\u00dfen des Browsers gel\u00f6scht.<\/p><p>Wenn Sie sich anmelden, setzen wir auch verschiedene Cookies, um Ihre Anmeldeinformationen und Bildschirmanzeigeoptionen zu speichern. Anmelde-Cookies halten zwei Tage und Bildschirmoptions-Cookies halten ein Jahr. Wenn Sie \u201eRemember Me\u201c ausw\u00e4hlen, bleibt Ihr Login f\u00fcr zwei Wochen bestehen. Wenn Sie sich von Ihrem Konto abmelden, werden die Login-Cookies gel\u00f6scht.<\/p><p>Wenn Sie einen Artikel bearbeiten oder ver\u00f6ffentlichen, wird ein zus\u00e4tzlicher Cookie in Ihrem Browser gespeichert. Dieses Cookie enth\u00e4lt keine personenbezogenen Daten und zeigt lediglich die ID des Artikels an, den Sie gerade bearbeitet haben. Es verf\u00e4llt nach 1 Tag.<\/p><p><strong>Eingebettete Inhalte von anderen Websites<\/strong><\/p><p>Artikel auf dieser Website k\u00f6nnen eingebettete Inhalte enthalten (z. B. Videos, Bilder, Artikel usw.). Eingebettete Inhalte von anderen Websites verhalten sich genauso, als ob der Besucher die andere Website besucht h\u00e4tte.<\/p><p>Diese Websites k\u00f6nnen Daten \u00fcber Sie sammeln, Cookies verwenden, zus\u00e4tzliches Tracking von Drittanbietern einbetten und Ihre Interaktion mit diesem eingebetteten Inhalt \u00fcberwachen, einschlie\u00dflich der Verfolgung Ihrer Interaktion mit dem eingebetteten Inhalt, wenn Sie ein Konto haben und auf dieser Website angemeldet sind.<\/p><p><strong>Wie lange wir Ihre Daten aufbewahren<\/strong><\/p><p>Wenn Sie einen Kommentar hinterlassen, werden der Kommentar und seine Metadaten auf unbestimmte Zeit gespeichert. Auf diese Weise k\u00f6nnen wir Folgekommentare automatisch erkennen und genehmigen, anstatt sie in einer Moderationswarteschlange festzuhalten.<\/p><p>Von den Benutzern, die sich auf unserer Website registrieren (falls vorhanden), speichern wir auch die pers\u00f6nlichen Informationen, die sie in ihrem Benutzerprofil angeben. Alle Benutzer k\u00f6nnen ihre pers\u00f6nlichen Daten jederzeit anzeigen, bearbeiten oder l\u00f6schen (au\u00dfer sie k\u00f6nnen ihren Benutzernamen nicht \u00e4ndern). Webmaster k\u00f6nnen diese Informationen auch anzeigen und bearbeiten.<\/p><p><strong>Welche Rechte haben Sie an Ihren Daten?<\/strong><\/p><p>Wenn Sie ein Konto haben oder Kommentare auf dieser Website hinterlassen haben, k\u00f6nnen Sie anfordern, eine Exportdatei der personenbezogenen Daten zu erhalten, die wir \u00fcber Sie gespeichert haben, einschlie\u00dflich aller Daten, die Sie uns zur Verf\u00fcgung gestellt haben. Sie k\u00f6nnen auch verlangen, dass wir alle personenbezogenen Daten l\u00f6schen, die wir \u00fcber Sie gespeichert haben. Dies umfasst keine Daten, die wir aus administrativen, rechtlichen oder Sicherheitsgr\u00fcnden aufbewahren m\u00fcssen.<\/p>\t\t\t\t\t\t<\/div>\n\t\t\t\t<\/div>\n\t\t\t\t\t<\/div>\n\t\t<\/div>\n\t\t\t\t\t<\/div>\n\t\t<\/section>\n\t\t\t\t<\/div>","protected":false},"excerpt":{"rendered":"<p>La presente Pol\u00edtica de Privacidad establece los t\u00e9rminos en que Federaci\u00f3n Ventolera del Sur usa y protege la informaci\u00f3n que es proporcionada por sus usuarios al momento de utilizar su sitio web. Esta federaci\u00f3n est\u00e1 comprometida con la seguridad de los datos de sus usuarios. Cuando le pedimos llenar los campos de informaci\u00f3n personal con [&hellip;]<\/p>","protected":false},"author":1,"featured_media":0,"parent":0,"menu_order":0,"comment_status":"closed","ping_status":"closed","template":"","meta":{"footnotes":""},"yoast_head":"<!-- This site is optimized with the Yoast SEO Premium plugin v18.0 (Yoast SEO v22.2) - https:\/\/yoast.com\/wordpress\/plugins\/seo\/ -->\n<title>Pol\u00edtica de Privacidad - Federaci\u00f3n Ventolera del Sur<\/title>\n<meta name=\"robots\" content=\"index, follow, max-snippet:-1, max-image-preview:large, max-video-preview:-1\" \/>\n<link rel=\"canonical\" href=\"https:\/\/ventoleradelsur.com\/de\/politica-de-privacidad\/\" \/>\n<meta property=\"og:locale\" content=\"de_DE\" \/>\n<meta property=\"og:type\" content=\"article\" \/>\n<meta property=\"og:title\" content=\"Pol\u00edtica de Privacidad\" \/>\n<meta property=\"og:description\" content=\"La presente Pol\u00edtica de Privacidad establece los t\u00e9rminos en que Federaci\u00f3n Ventolera del Sur usa y protege la informaci\u00f3n que es proporcionada por sus usuarios al momento de utilizar su sitio web. Esta federaci\u00f3n est\u00e1 comprometida con la seguridad de los datos de sus usuarios. Cuando le pedimos llenar los campos de informaci\u00f3n personal con [&hellip;]\" \/>\n<meta property=\"og:url\" content=\"https:\/\/ventoleradelsur.com\/de\/politica-de-privacidad\/\" \/>\n<meta property=\"og:site_name\" content=\"Federaci\u00f3n Ventolera del Sur\" \/>\n<meta property=\"article:publisher\" content=\"https:\/\/www.facebook.com\/FederacionVentoleradelSur\" \/>\n<meta property=\"article:modified_time\" content=\"2022-03-18T13:50:36+00:00\" \/>\n<meta property=\"og:image\" content=\"https:\/\/ventoleradelsur.com\/wp-content\/uploads\/2022\/03\/Slider-Ventolera-Redes.jpg\" \/>\n\t<meta property=\"og:image:width\" content=\"1200\" \/>\n\t<meta property=\"og:image:height\" content=\"453\" \/>\n\t<meta property=\"og:image:type\" content=\"image\/jpeg\" \/>\n<meta name=\"twitter:card\" content=\"summary_large_image\" \/>\n<meta name=\"twitter:label1\" content=\"Gesch\u00e4tzte Lesezeit\" \/>\n\t<meta name=\"twitter:data1\" content=\"6 Minuten\" \/>\n<script type=\"application\/ld+json\" class=\"yoast-schema-graph\">{\"@context\":\"https:\/\/schema.org\",\"@graph\":[{\"@type\":\"WebPage\",\"@id\":\"https:\/\/ventoleradelsur.com\/politica-de-privacidad\/\",\"url\":\"https:\/\/ventoleradelsur.com\/politica-de-privacidad\/\",\"name\":\"Pol\u00edtica de Privacidad - Federaci\u00f3n Ventolera del Sur\",\"isPartOf\":{\"@id\":\"https:\/\/ventoleradelsur.com\/#website\"},\"datePublished\":\"2022-03-18T13:44:09+00:00\",\"dateModified\":\"2022-03-18T13:50:36+00:00\",\"breadcrumb\":{\"@id\":\"https:\/\/ventoleradelsur.com\/politica-de-privacidad\/#breadcrumb\"},\"inLanguage\":\"de-DE\",\"potentialAction\":[{\"@type\":\"ReadAction\",\"target\":[\"https:\/\/ventoleradelsur.com\/politica-de-privacidad\/\"]}]},{\"@type\":\"BreadcrumbList\",\"@id\":\"https:\/\/ventoleradelsur.com\/politica-de-privacidad\/#breadcrumb\",\"itemListElement\":[{\"@type\":\"ListItem\",\"position\":1,\"name\":\"Portada\",\"item\":\"https:\/\/ventoleradelsur.com\/\"},{\"@type\":\"ListItem\",\"position\":2,\"name\":\"Pol\u00edtica de Privacidad\"}]},{\"@type\":\"WebSite\",\"@id\":\"https:\/\/ventoleradelsur.com\/#website\",\"url\":\"https:\/\/ventoleradelsur.com\/\",\"name\":\"Federaci\u00f3n Ventolera del Sur\",\"description\":\"Federaci\u00f3n de Asociaciones Vecinales del municipio de Santa Luc\u00eda de Tirajana\",\"publisher\":{\"@id\":\"https:\/\/ventoleradelsur.com\/#organization\"},\"potentialAction\":[{\"@type\":\"SearchAction\",\"target\":{\"@type\":\"EntryPoint\",\"urlTemplate\":\"https:\/\/ventoleradelsur.com\/?s={search_term_string}\"},\"query-input\":\"required name=search_term_string\"}],\"inLanguage\":\"de-DE\"},{\"@type\":\"Organization\",\"@id\":\"https:\/\/ventoleradelsur.com\/#organization\",\"name\":\"Ventolera del Sur\",\"url\":\"https:\/\/ventoleradelsur.com\/\",\"logo\":{\"@type\":\"ImageObject\",\"inLanguage\":\"de-DE\",\"@id\":\"https:\/\/ventoleradelsur.com\/#\/schema\/logo\/image\/\",\"url\":\"https:\/\/ventoleradelsur.com\/wp-content\/uploads\/2020\/07\/ventolera-del-sur-logo.png\",\"contentUrl\":\"https:\/\/ventoleradelsur.com\/wp-content\/uploads\/2020\/07\/ventolera-del-sur-logo.png\",\"width\":600,\"height\":264,\"caption\":\"Ventolera del Sur\"},\"image\":{\"@id\":\"https:\/\/ventoleradelsur.com\/#\/schema\/logo\/image\/\"},\"sameAs\":[\"https:\/\/www.facebook.com\/FederacionVentoleradelSur\",\"https:\/\/www.instagram.com\/federacionventoleradel\/\"]}]}<\/script>\n<!-- \/ Yoast SEO Premium plugin. -->","yoast_head_json":{"title":"Pol\u00edtica de Privacidad - Federaci\u00f3n Ventolera del Sur","robots":{"index":"index","follow":"follow","max-snippet":"max-snippet:-1","max-image-preview":"max-image-preview:large","max-video-preview":"max-video-preview:-1"},"canonical":"https:\/\/ventoleradelsur.com\/de\/politica-de-privacidad\/","og_locale":"de_DE","og_type":"article","og_title":"Pol\u00edtica de Privacidad","og_description":"La presente Pol\u00edtica de Privacidad establece los t\u00e9rminos en que Federaci\u00f3n Ventolera del Sur usa y protege la informaci\u00f3n que es proporcionada por sus usuarios al momento de utilizar su sitio web. Esta federaci\u00f3n est\u00e1 comprometida con la seguridad de los datos de sus usuarios. Cuando le pedimos llenar los campos de informaci\u00f3n personal con [&hellip;]","og_url":"https:\/\/ventoleradelsur.com\/de\/politica-de-privacidad\/","og_site_name":"Federaci\u00f3n Ventolera del Sur","article_publisher":"https:\/\/www.facebook.com\/FederacionVentoleradelSur","article_modified_time":"2022-03-18T13:50:36+00:00","og_image":[{"width":1200,"height":453,"url":"https:\/\/ventoleradelsur.com\/wp-content\/uploads\/2022\/03\/Slider-Ventolera-Redes.jpg","type":"image\/jpeg"}],"twitter_card":"summary_large_image","twitter_misc":{"Gesch\u00e4tzte Lesezeit":"6 Minuten"},"schema":{"@context":"https:\/\/schema.org","@graph":[{"@type":"WebPage","@id":"https:\/\/ventoleradelsur.com\/politica-de-privacidad\/","url":"https:\/\/ventoleradelsur.com\/politica-de-privacidad\/","name":"Pol\u00edtica de Privacidad - Federaci\u00f3n Ventolera del Sur","isPartOf":{"@id":"https:\/\/ventoleradelsur.com\/#website"},"datePublished":"2022-03-18T13:44:09+00:00","dateModified":"2022-03-18T13:50:36+00:00","breadcrumb":{"@id":"https:\/\/ventoleradelsur.com\/politica-de-privacidad\/#breadcrumb"},"inLanguage":"de-DE","potentialAction":[{"@type":"ReadAction","target":["https:\/\/ventoleradelsur.com\/politica-de-privacidad\/"]}]},{"@type":"BreadcrumbList","@id":"https:\/\/ventoleradelsur.com\/politica-de-privacidad\/#breadcrumb","itemListElement":[{"@type":"ListItem","position":1,"name":"Portada","item":"https:\/\/ventoleradelsur.com\/"},{"@type":"ListItem","position":2,"name":"Pol\u00edtica de Privacidad"}]},{"@type":"WebSite","@id":"https:\/\/ventoleradelsur.com\/#website","url":"https:\/\/ventoleradelsur.com\/","name":"Federaci\u00f3n Ventolera del Sur","description":"Federaci\u00f3n de Asociaciones Vecinales del municipio de Santa Luc\u00eda de Tirajana","publisher":{"@id":"https:\/\/ventoleradelsur.com\/#organization"},"potentialAction":[{"@type":"SearchAction","target":{"@type":"EntryPoint","urlTemplate":"https:\/\/ventoleradelsur.com\/?s={search_term_string}"},"query-input":"required name=search_term_string"}],"inLanguage":"de-DE"},{"@type":"Organization","@id":"https:\/\/ventoleradelsur.com\/#organization","name":"Ventolera del Sur","url":"https:\/\/ventoleradelsur.com\/","logo":{"@type":"ImageObject","inLanguage":"de-DE","@id":"https:\/\/ventoleradelsur.com\/#\/schema\/logo\/image\/","url":"https:\/\/ventoleradelsur.com\/wp-content\/uploads\/2020\/07\/ventolera-del-sur-logo.png","contentUrl":"https:\/\/ventoleradelsur.com\/wp-content\/uploads\/2020\/07\/ventolera-del-sur-logo.png","width":600,"height":264,"caption":"Ventolera del Sur"},"image":{"@id":"https:\/\/ventoleradelsur.com\/#\/schema\/logo\/image\/"},"sameAs":["https:\/\/www.facebook.com\/FederacionVentoleradelSur","https:\/\/www.instagram.com\/federacionventoleradel\/"]}]}},"_links":{"self":[{"href":"https:\/\/ventoleradelsur.com\/de\/wp-json\/wp\/v2\/pages\/8604"}],"collection":[{"href":"https:\/\/ventoleradelsur.com\/de\/wp-json\/wp\/v2\/pages"}],"about":[{"href":"https:\/\/ventoleradelsur.com\/de\/wp-json\/wp\/v2\/types\/page"}],"author":[{"embeddable":true,"href":"https:\/\/ventoleradelsur.com\/de\/wp-json\/wp\/v2\/users\/1"}],"replies":[{"embeddable":true,"href":"https:\/\/ventoleradelsur.com\/de\/wp-json\/wp\/v2\/comments?post=8604"}],"version-history":[{"count":0,"href":"https:\/\/ventoleradelsur.com\/de\/wp-json\/wp\/v2\/pages\/8604\/revisions"}],"wp:attachment":[{"href":"https:\/\/ventoleradelsur.com\/de\/wp-json\/wp\/v2\/media?parent=8604"}],"curies":[{"name":"wp","href":"https:\/\/api.w.org\/{rel}","templated":true}]}}